{"id":148275,"date":"2024-04-15T11:06:57","date_gmt":"2024-04-15T11:06:57","guid":{"rendered":"https:\/\/www.benzinicampers.com\/privacy-statement-eu\/"},"modified":"2024-04-15T11:06:57","modified_gmt":"2024-04-15T11:06:57","slug":"datenschutzerklarung-eu","status":"publish","type":"page","link":"https:\/\/benzinicampers.com\/de\/privacy-statement-eu\/","title":{"rendered":"Datenschutzerkl\u00e4rung (EU)"},"content":{"rendered":"<!-- Legal document generated by Complianz | GDPR\/CCPA Cookie Consent https:\/\/wordpress.org\/plugins\/complianz-gdpr -->\n<div id=\"cmplz-document\" class=\"cmplz-document privacy-statement cmplz-document-eu\"><p><i>Diese Datenschutzerkl\u00e4rung wurde zuletzt aktualisiert am und gilt f\u00fcr B\u00fcrger und Personen mit st\u00e4ndigem Wohnsitz im Europ\u00e4ischen Wirtschaftsraum und der Schweiz.<\/i><br \/><br \/><\/p><p><p>In dieser Datenschutzerkl\u00e4rung erl\u00e4utern wir, was wir mit den Daten tun, die wir \u00fcber Sie erhalten \u00fcber <a href=\"https:\/\/benzinicampers.com\/de\">https:\/\/benzinicampers.com\/de<\/a>Wir empfehlen Ihnen, diese Erkl\u00e4rung sorgf\u00e4ltig zu lesen. Bei unserer Verarbeitung halten wir uns an die Anforderungen der Datenschutzgesetze. Dies bedeutet unter anderem, dass:<\/p><ul>\n                <li>Wir geben klar an, zu welchen Zwecken wir personenbezogene Daten verarbeiten. Dies geschieht mithilfe dieser Datenschutzerkl\u00e4rung.<\/li>\n                <li>Wir sind bestrebt, die Erhebung personenbezogener Daten auf die f\u00fcr legitime Zwecke erforderlichen personenbezogenen Daten zu beschr\u00e4nken.<\/li>\n                <li>In F\u00e4llen, in denen Ihre Zustimmung erforderlich ist, holen wir zun\u00e4chst Ihre ausdr\u00fcckliche Zustimmung zur Verarbeitung Ihrer personenbezogenen Daten ein.<\/li>\n                <li>Wir ergreifen angemessene Sicherheitsma\u00dfnahmen, um Ihre personenbezogenen Daten zu sch\u00fctzen und verlangen dies auch von Parteien, die personenbezogene Daten in unserem Auftrag verarbeiten.<\/li>\n                <li>Wir respektieren Ihr Recht, auf Ihre personenbezogenen Daten zuzugreifen und diese auf Ihren Wunsch hin korrigieren oder l\u00f6schen zu lassen.<\/li>\n            <\/ul><p>Wenn du Fragen hast oder wissen m\u00f6chtest, welche pers\u00f6nlichen Daten wir \u00fcber dich speichern, kontaktiere uns bitte.<\/p><\/p><h2>1. Zweck, Daten und Aufbewahrungsdauer<\/h2>Wir k\u00f6nnen personenbezogene Daten f\u00fcr eine Reihe von Zwecken im Zusammenhang mit unserer Gesch\u00e4ftst\u00e4tigkeit erfassen oder erhalten, darunter die folgenden: (zum Erweitern klicken)<details class=\"cmplz-dropdown dropdown-privacy-statement\"><summary><div><h3>1.1 Daten verkaufen oder an Dritte weitergeben<\/h3><\/div><\/summary><p class=\"cmplz-subtitle\">Zu diesem Zweck verwenden wir folgende Daten:<\/p><p><ul><li>IP-Adresse<\/li><li>Geolokalisierungsdaten<\/li><\/ul><\/p><p class=\"cmplz-subtitle\">Die Grundlage, auf der wir diese Daten verarbeiten k\u00f6nnen, ist:<\/p><p><a target=\"_blank\" rel=\"noopener noreferrer nofollow\" href=\"https:\/\/cookiedatabase.org\/legal-bases\/#consent\">Nach Erteilung der Zustimmung.<\/a><\/p><p class=\"cmplz-subtitle\">Aufbewahrungsfrist<\/p><p>Wir speichern diese Daten bis zur Beendigung des Dienstes.<\/p><\/details><details class=\"cmplz-dropdown dropdown-privacy-statement\"><summary><div><h3>1.2 Zur Unterst\u00fctzung von Dienstleistungen oder Produkten, die ein Kunde kaufen m\u00f6chte oder gekauft hat<\/h3><\/div><\/summary><p class=\"cmplz-subtitle\">Zu diesem Zweck verwenden wir folgende Daten:<\/p><p><ul><li>Vor- und Nachname<\/li><li>Eine E-Mail-Adresse<\/li><li>Eine Telefonnummer<\/li><li>Eine Privatadresse oder andere physische Adresse, einschlie\u00dflich Stra\u00dfenname und Name einer Stadt oder eines Ortes<\/li><li>IP-Adresse<\/li><li>Geburtsdatum<\/li><li>F\u00fchrerschein<\/li><li>Eine Unterschrift<\/li><\/ul><\/p><p class=\"cmplz-subtitle\">Die Grundlage, auf der wir diese Daten verarbeiten k\u00f6nnen, ist:<\/p><p><a target=\"_blank\" rel=\"noopener noreferrer nofollow\" href=\"https:\/\/cookiedatabase.org\/legal-bases\/#consent\">Nach Erteilung der Zustimmung.<\/a><\/p><p class=\"cmplz-subtitle\">Aufbewahrungsfrist<\/p><p>Nach Beendigung des Dienstes bewahren wir diese Daten f\u00fcr folgenden Zeitraum auf: 10 Jahre.<\/p><\/details><details class=\"cmplz-dropdown dropdown-privacy-statement\"><summary><div><h3>1.3 Kontakt \u2013 Per Telefon, Post, E-Mail und\/oder Webformulare<\/h3><\/div><\/summary><p class=\"cmplz-subtitle\">Zu diesem Zweck verwenden wir folgende Daten:<\/p><p><ul><li>Vor- und Nachname<\/li><li>Eine E-Mail-Adresse<\/li><li>IP-Adresse<\/li><\/ul><\/p><p class=\"cmplz-subtitle\">Die Grundlage, auf der wir diese Daten verarbeiten k\u00f6nnen, ist:<\/p><p><a target=\"_blank\" rel=\"noopener noreferrer nofollow\" href=\"https:\/\/cookiedatabase.org\/legal-bases\/#consent\">Nach Erteilung der Zustimmung.<\/a><\/p><p class=\"cmplz-subtitle\">Aufbewahrungsfrist<\/p><p>Nach Beendigung des Dienstes bewahren wir diese Daten f\u00fcr folgenden Zeitraum auf: 10 Jahre.<\/p><\/details><details class=\"cmplz-dropdown dropdown-privacy-statement\"><summary><div><h3>1.4 Zahlungen<\/h3><\/div><\/summary><p class=\"cmplz-subtitle\">Zu diesem Zweck verwenden wir folgende Daten:<\/p><p><ul><li>Vor- und Nachname<\/li><\/ul><\/p><p class=\"cmplz-subtitle\">Die Grundlage, auf der wir diese Daten verarbeiten k\u00f6nnen, ist:<\/p><p><a target=\"_blank\" rel=\"noopener noreferrer nofollow\" href=\"https:\/\/cookiedatabase.org\/legal-bases\/#consent\">Nach Erteilung der Zustimmung.<\/a><\/p><p class=\"cmplz-subtitle\">Aufbewahrungsfrist<\/p><p>Nach Beendigung des Dienstes bewahren wir diese Daten f\u00fcr folgenden Zeitraum auf: 10 Jahre.<\/p><\/details><details class=\"cmplz-dropdown dropdown-privacy-statement\"><summary><div><h3>1.5 Erstellen und Analysieren von Statistiken zur Verbesserung der Website.<\/h3><\/div><\/summary><p class=\"cmplz-subtitle\">Zu diesem Zweck verwenden wir folgende Daten:<\/p><p><ul><li>IP-Adresse<\/li><li>Geolokalisierungsdaten<\/li><\/ul><\/p><p class=\"cmplz-subtitle\">Die Grundlage, auf der wir diese Daten verarbeiten k\u00f6nnen, ist:<\/p><p><a target=\"_blank\" rel=\"noopener noreferrer nofollow\" href=\"https:\/\/cookiedatabase.org\/legal-bases\/#consent\">Nach Erteilung der Zustimmung.<\/a><\/p><p class=\"cmplz-subtitle\">Aufbewahrungsfrist<\/p><p>Nach Beendigung des Dienstes bewahren wir diese Daten f\u00fcr folgenden Zeitraum auf: 10 Jahre.<\/p><\/details><h2>2. Weitergabe an Dritte<\/h2><p>Eine Weitergabe dieser Daten an Auftragsverarbeiter und sonstige Dritte erfolgt nur, wenn hierf\u00fcr eine Einwilligung erforderlich ist.<\/p><h2>3. Verwendung von Cookies<\/h2><p>Unsere Website verwendet Cookies. Weitere Informationen zu Cookies erhalten Sie in unserer <a href=\"https:\/\/benzinicampers.com\/de\/cookie-policy-eu\/\">Cookie-Richtlinie<\/a>.&nbsp;<\/p><h2>4. Offenlegungspraktiken<\/h2><p><p>Wir geben personenbezogene Daten weiter, wenn wir gesetzlich oder durch Gerichtsbeschluss dazu verpflichtet sind, als Reaktion auf Anfragen von Strafverfolgungsbeh\u00f6rden, soweit dies nach anderen gesetzlichen Bestimmungen zul\u00e4ssig ist, zur Bereitstellung von Informationen oder f\u00fcr eine Untersuchung in einer Angelegenheit im Zusammenhang mit der \u00f6ffentlichen Sicherheit.<\/p><p>Wenn unsere Website oder Organisation \u00fcbernommen oder verkauft wird oder in eine Fusion oder \u00dcbernahme involviert ist, k\u00f6nnen Ihre Daten an unsere Berater und etwaige potenzielle K\u00e4ufer weitergegeben und an die neuen Eigent\u00fcmer weitergegeben werden.<\/p><\/p><p>Wir haben mit Google einen Auftragsverarbeitungsvertrag abgeschlossen.<\/p><h2>5. Sicherheit<\/h2><p>Wir sind der Sicherheit pers\u00f6nlicher Daten verpflichtet. Wir ergreifen angemessene Sicherheitsma\u00dfnahmen um Missbrauch und unberechtigten Zugriff auf pers\u00f6nliche Daten zu begrenzen. Dies stellt sicher, dass nur notwendige Personen Zugriff auf Ihre Daten erhalten, dieser Zugriff gesch\u00fctzt ist und dass unsere Sicherheitsma\u00dfnahmen regelm\u00e4\u00dfig \u00fcberpr\u00fcft werden.<\/p><p>Die von uns verwendeten Sicherheitsma\u00dfnahmen bestehen aus:<\/p><p><ul><li>(START)TLS \/ SSL \/ DANE-Verschl\u00fcsselung<\/li><\/ul><\/p><h2>6. Websites Dritter<\/h2><p>Diese Datenschutzerkl\u00e4rung gilt nicht f\u00fcr Websites von Drittanbietern, die \u00fcber Links auf unserer Website verbunden sind. Wir k\u00f6nnen nicht garantieren, dass diese Drittanbieter Ihre pers\u00f6nlichen Daten zuverl\u00e4ssig oder sicher behandeln. Wir empfehlen Ihnen, die Datenschutzerkl\u00e4rungen dieser Websites zu lesen, bevor Sie diese Websites nutzen.<\/p><h2>7. \u00c4nderungen dieser Datenschutzerkl\u00e4rung<\/h2><p>Wir behalten uns das Recht vor, \u00c4nderungen an dieser Datenschutzerkl\u00e4rung vorzunehmen. Es wird empfohlen, diese Datenschutzerkl\u00e4rung regelm\u00e4\u00dfig zu lesen, um \u00fcber etwaige \u00c4nderungen informiert zu sein. Dar\u00fcber hinaus informieren wir Sie, wo immer m\u00f6glich, aktiv.<\/p><h2>8. Zugriff und \u00c4nderung Ihrer Daten<\/h2><p>Wenn Sie Fragen haben oder wissen m\u00f6chten, welche pers\u00f6nlichen Daten wir \u00fcber Sie haben, nehmen Sie bitte Kontakt mit uns auf. Sie k\u00f6nnen uns mittels der unten stehenden Informationen erreichen. Sie haben folgende Rechte:<\/p><ul>\n                <li>Sie haben das Recht zu erfahren, wof\u00fcr Ihre personenbezogenen Daten ben\u00f6tigt werden, was mit ihnen geschieht und wie lange sie gespeichert werden.<\/li>\n                <li>Auskunftsrecht: Sie haben das Recht auf Auskunft \u00fcber Ihre uns bekannten personenbezogenen Daten.<\/li>\n                <li>Recht auf Berichtigung: Sie haben jederzeit das Recht, Ihre personenbezogenen Daten zu erg\u00e4nzen, zu korrigieren, zu l\u00f6schen oder sperren zu lassen.<\/li>\n                <li>Wenn Sie uns Ihre Einwilligung zur Verarbeitung Ihrer Daten erteilen, haben Sie das Recht, diese Einwilligung zu widerrufen und Ihre personenbezogenen Daten l\u00f6schen zu lassen.<\/li>\n                <li>Recht auf Daten\u00fcbertragbarkeit: Sie haben das Recht, alle Ihre personenbezogenen Daten vom Verantwortlichen anzufordern und vollst\u00e4ndig an einen anderen Verantwortlichen zu \u00fcbertragen.<\/li>\n                <li>Widerspruchsrecht: Sie k\u00f6nnen der Verarbeitung Ihrer Daten widersprechen. Diesem Widerspruch kommen wir nach, sofern keine berechtigten Gr\u00fcnde f\u00fcr die Verarbeitung vorliegen.<\/li>\n            <\/ul><p>Bitte stelle sicher, dass du immer eindeutig angibst, wer du bist, sodass wir sicher sein k\u00f6nnen, nicht die Daten der falschen Person zu \u00e4ndern oder zu l\u00f6schen.<\/p><h2>9. Einreichen einer Beschwerde<\/h2><p>Wenn Sie mit der Art und Weise, wie wir Ihre personenbezogenen Daten verarbeiten (oder eine Beschwerde dar\u00fcber) nicht zufrieden sind, haben Sie das Recht, eine Beschwerde bei der Datenschutzbeh\u00f6rde einzureichen.<\/p><h2>10. Kontaktdaten<\/h2><p>Benzini Campers AS<br \/>\n        Kilgata 17, 3217 Sandefjord<br \/>\n        Norwegen<br \/>\n        Webseite: <a href=\"https:\/\/benzinicampers.com\/de\">https:\/\/benzinicampers.com\/de<\/a> <br \/>\n        Email: <span class=\"cmplz-obfuscate\">&#104;&#101;&#108;lo@<span class=\"cmplz-fmail-domain\">&#101;x&#046;c&#111;m<\/span>b&#101;n&#122;&#105;&#110;i&#099;amp&#101;&#114;s.c&#111;m<\/span> <br \/>\n        <\/p><\/div>","protected":false},"excerpt":{"rendered":"","protected":false},"author":3,"featured_media":0,"parent":0,"menu_order":0,"comment_status":"closed","ping_status":"closed","template":"","meta":{"site-sidebar-layout":"default","site-content-layout":"","ast-site-content-layout":"default","site-content-style":"default","site-sidebar-style":"default","ast-global-header-display":"","ast-banner-title-visibility":"","ast-main-header-display":"","ast-hfb-above-header-display":"","ast-hfb-below-header-display":"","ast-hfb-mobile-header-display":"","site-post-title":"","ast-breadcrumbs-content":"","ast-featured-img":"","footer-sml-layout":"","ast-disable-related-posts":"","theme-transparent-header-meta":"","adv-header-id-meta":"","stick-header-meta":"","header-above-stick-meta":"","header-main-stick-meta":"","header-below-stick-meta":"","astra-migrate-meta-layouts":"default","ast-page-background-enabled":"default","ast-page-background-meta":{"desktop":{"background-color":"var(--ast-global-color-4)","background-image":"","background-repeat":"repeat","background-position":"center center","background-size":"auto","background-attachment":"scroll","background-type":"","background-media":"","overlay-type":"","overlay-color":"","overlay-opacity":"","overlay-gradient":""},"tablet":{"background-color":"","background-image":"","background-repeat":"repeat","background-position":"center center","background-size":"auto","background-attachment":"scroll","background-type":"","background-media":"","overlay-type":"","overlay-color":"","overlay-opacity":"","overlay-gradient":""},"mobile":{"background-color":"","background-image":"","background-repeat":"repeat","background-position":"center center","background-size":"auto","background-attachment":"scroll","background-type":"","background-media":"","overlay-type":"","overlay-color":"","overlay-opacity":"","overlay-gradient":""}},"ast-content-background-meta":{"desktop":{"background-color":"var(--ast-global-color-5)","background-image":"","background-repeat":"repeat","background-position":"center center","background-size":"auto","background-attachment":"scroll","background-type":"","background-media":"","overlay-type":"","overlay-color":"","overlay-opacity":"","overlay-gradient":""},"tablet":{"background-color":"var(--ast-global-color-5)","background-image":"","background-repeat":"repeat","background-position":"center center","background-size":"auto","background-attachment":"scroll","background-type":"","background-media":"","overlay-type":"","overlay-color":"","overlay-opacity":"","overlay-gradient":""},"mobile":{"background-color":"var(--ast-global-color-5)","background-image":"","background-repeat":"repeat","background-position":"center center","background-size":"auto","background-attachment":"scroll","background-type":"","background-media":"","overlay-type":"","overlay-color":"","overlay-opacity":"","overlay-gradient":""}},"footnotes":""},"class_list":["post-148275","page","type-page","status-publish","hentry"],"_links":{"self":[{"href":"https:\/\/benzinicampers.com\/de\/wp-json\/wp\/v2\/pages\/148275","targetHints":{"allow":["GET"]}}],"collection":[{"href":"https:\/\/benzinicampers.com\/de\/wp-json\/wp\/v2\/pages"}],"about":[{"href":"https:\/\/benzinicampers.com\/de\/wp-json\/wp\/v2\/types\/page"}],"author":[{"embeddable":true,"href":"https:\/\/benzinicampers.com\/de\/wp-json\/wp\/v2\/users\/3"}],"replies":[{"embeddable":true,"href":"https:\/\/benzinicampers.com\/de\/wp-json\/wp\/v2\/comments?post=148275"}],"version-history":[{"count":0,"href":"https:\/\/benzinicampers.com\/de\/wp-json\/wp\/v2\/pages\/148275\/revisions"}],"wp:attachment":[{"href":"https:\/\/benzinicampers.com\/de\/wp-json\/wp\/v2\/media?parent=148275"}],"curies":[{"name":"wp","href":"https:\/\/api.w.org\/{rel}","templated":true}]}}