{"id":148281,"date":"2024-04-15T11:07:01","date_gmt":"2024-04-15T11:07:01","guid":{"rendered":"https:\/\/www.benzinicampers.com\/privacy-statement-au\/"},"modified":"2024-04-15T11:07:01","modified_gmt":"2024-04-15T11:07:01","slug":"datenschutzerklarung-2","status":"publish","type":"page","link":"https:\/\/benzinicampers.com\/de\/privacy-statement-au\/","title":{"rendered":"Datenschutzerkl\u00e4rung (AU)"},"content":{"rendered":"<!-- Legal document generated by Complianz | GDPR\/CCPA Cookie Consent https:\/\/wordpress.org\/plugins\/complianz-gdpr -->\n<div id=\"cmplz-document\" class=\"cmplz-document privacy-statement cmplz-document-au\"><p><i>Diese Datenschutzerkl\u00e4rung wurde zuletzt am ge\u00e4ndert, zuletzt am \u00fcberpr\u00fcft und gilt f\u00fcr B\u00fcrger Australiens.<\/i><br \/><br \/><\/p><p>In dieser Datenschutzerkl\u00e4rung erl\u00e4utern wir, was wir mit den Daten tun, die wir \u00fcber Sie erhalten \u00fcber <a href=\"https:\/\/benzinicampers.com\/de\">https:\/\/benzinicampers.com\/de<\/a>Wir empfehlen Ihnen, diese Erkl\u00e4rung sorgf\u00e4ltig zu lesen. Bei unserer Verarbeitung halten wir uns an die Anforderungen der Datenschutzgesetze. Dies bedeutet unter anderem, dass:<ul>\n                <li>Wir geben klar an, zu welchen Zwecken wir personenbezogene Daten verarbeiten. Dies geschieht mithilfe dieser Datenschutzerkl\u00e4rung.<\/li>\n                <li>Wir sind bestrebt, die Erhebung personenbezogener Daten auf die f\u00fcr legitime Zwecke erforderlichen personenbezogenen Daten zu beschr\u00e4nken.<\/li>\n                <li>In F\u00e4llen, in denen Ihre Zustimmung erforderlich ist, holen wir zun\u00e4chst Ihre ausdr\u00fcckliche Zustimmung zur Verarbeitung Ihrer personenbezogenen Daten ein.<\/li>\n                <li>Wir ergreifen angemessene Sicherheitsma\u00dfnahmen, um Ihre personenbezogenen Daten zu sch\u00fctzen und verlangen dies auch von Parteien, die personenbezogene Daten in unserem Auftrag verarbeiten.<\/li>\n                <li>Wir respektieren Ihr Recht, auf Ihre personenbezogenen Daten zuzugreifen und diese auf Ihren Wunsch hin korrigieren oder l\u00f6schen zu lassen.<\/li>\n            <\/ul><\/p>Wenn du Fragen hast oder wissen m\u00f6chtest, welche pers\u00f6nlichen Daten wir \u00fcber dich speichern, kontaktiere uns bitte.<h2>1. Purpose and categories of data<\/h2><p>Wir k\u00f6nnen personenbezogene Daten f\u00fcr eine Reihe von Zwecken im Zusammenhang mit unserer Gesch\u00e4ftst\u00e4tigkeit erfassen oder erhalten, darunter die folgenden: (zum Erweitern klicken)<\/b><\/p><details class=\"cmplz-dropdown dropdown-privacy-statement\"><summary><div><h3>1.1 Daten verkaufen oder an Dritte weitergeben<\/h3><\/div><\/summary><p class=\"cmplz-subtitle\">The following categories of data are collected<\/p><p><ul><li>IP-Adresse<\/li><li>Geolokalisierungsdaten<\/li><\/ul><\/p><p class=\"cmplz-subtitle\">Aufbewahrungsfrist<\/p><p>Wir speichern diese Daten bis zur Beendigung des Dienstes.<\/p><\/details><details class=\"cmplz-dropdown dropdown-privacy-statement\"><summary><div><h3>1.2 Zur Unterst\u00fctzung von Dienstleistungen oder Produkten, die ein Kunde kaufen m\u00f6chte oder gekauft hat<\/h3><\/div><\/summary><p class=\"cmplz-subtitle\">The following categories of data are collected<\/p><p><ul><li>Vor- und Nachname<\/li><li>Eine E-Mail-Adresse<\/li><li>Eine Telefonnummer<\/li><li>Eine Privatadresse oder andere physische Adresse, einschlie\u00dflich Stra\u00dfenname und Name einer Stadt oder eines Ortes<\/li><li>IP-Adresse<\/li><li>Geburtsdatum<\/li><li>F\u00fchrerschein<\/li><li>Eine Unterschrift<\/li><\/ul><\/p><p class=\"cmplz-subtitle\">Aufbewahrungsfrist<\/p><p>Nach Beendigung des Dienstes bewahren wir diese Daten f\u00fcr folgenden Zeitraum auf: 10 Jahre.<\/p><\/details><details class=\"cmplz-dropdown dropdown-privacy-statement\"><summary><div><h3>1.3 Kontakt \u2013 Per Telefon, Post, E-Mail und\/oder Webformulare<\/h3><\/div><\/summary><p class=\"cmplz-subtitle\">The following categories of data are collected<\/p><p><ul><li>Vor- und Nachname<\/li><li>Eine E-Mail-Adresse<\/li><li>IP-Adresse<\/li><\/ul><\/p><p class=\"cmplz-subtitle\">Aufbewahrungsfrist<\/p><p>Nach Beendigung des Dienstes bewahren wir diese Daten f\u00fcr folgenden Zeitraum auf: 10 Jahre.<\/p><\/details><details class=\"cmplz-dropdown dropdown-privacy-statement\"><summary><div><h3>1.4 Zahlungen<\/h3><\/div><\/summary><p class=\"cmplz-subtitle\">The following categories of data are collected<\/p><p><ul><li>Vor- und Nachname<\/li><\/ul><\/p><p class=\"cmplz-subtitle\">Aufbewahrungsfrist<\/p><p>Nach Beendigung des Dienstes bewahren wir diese Daten f\u00fcr folgenden Zeitraum auf: 10 Jahre.<\/p><\/details><details class=\"cmplz-dropdown dropdown-privacy-statement\"><summary><div><h3>1.5 Erstellen und Analysieren von Statistiken zur Verbesserung der Website.<\/h3><\/div><\/summary><p class=\"cmplz-subtitle\">The following categories of data are collected<\/p><p><ul><li>IP-Adresse<\/li><li>Geolokalisierungsdaten<\/li><\/ul><\/p><p class=\"cmplz-subtitle\">Aufbewahrungsfrist<\/p><p>Nach Beendigung des Dienstes bewahren wir diese Daten f\u00fcr folgenden Zeitraum auf: 10 Jahre.<\/p><\/details><h2>2. Weitergabe an Dritte<\/h2><p>Eine Weitergabe bzw. Offenlegung dieser Daten an andere Empf\u00e4nger erfolgt nur zu den folgenden Zwecken:<\/p><h2>3. Offenlegungspraktiken<\/h2><p><p>Wir geben personenbezogene Daten weiter, wenn wir gesetzlich oder durch Gerichtsbeschluss dazu verpflichtet sind, als Reaktion auf Anfragen von Strafverfolgungsbeh\u00f6rden, soweit dies nach anderen gesetzlichen Bestimmungen zul\u00e4ssig ist, zur Bereitstellung von Informationen oder f\u00fcr eine Untersuchung in einer Angelegenheit im Zusammenhang mit der \u00f6ffentlichen Sicherheit.<\/p><p>Wenn unsere Website oder Organisation \u00fcbernommen oder verkauft wird oder in eine Fusion oder \u00dcbernahme involviert ist, k\u00f6nnen Ihre Daten an unsere Berater und etwaige potenzielle K\u00e4ufer weitergegeben und an die neuen Eigent\u00fcmer weitergegeben werden.<\/p><\/p><h2>4. Was passiert, wenn Sie uns Ihre personenbezogenen Daten nicht zur Verf\u00fcgung stellen?<\/h2><p>Wenn Sie uns Ihre personenbezogenen Daten nicht zur Verf\u00fcgung stellen, k\u00f6nnen wir Ihnen m\u00f6glicherweise nicht die gew\u00fcnschten Informationen, Produkte oder Unterst\u00fctzung bereitstellen.<\/p><h2>5. Wie wir auf \u201eDo Not Track\u201c-Signale und die globale Datenschutzkontrolle reagieren <\/h2><p>Unsere Website reagiert nicht auf das Do Not Track (DNT)-Header-Anforderungsfeld und unterst\u00fctzt es nicht.<\/p><h2>6. Verwendung von Cookies<\/h2><p>Unsere Website verwendet Cookies. Weitere Informationen zu Cookies finden Sie in unserer Cookie-Richtlinie auf unserer <a href=\"https:\/\/benzinicampers.com\/de\/cookie-policy-au\/\">Cookie-Richtlinie (AU)<\/a> Website.&nbsp;<\/p><p>Wir haben mit Google einen Vertrag zur Auftragsdatenverarbeitung abgeschlossen.<\/p><h2>7. Sicherheit<\/h2><p>Wir sind der Sicherheit pers\u00f6nlicher Daten verpflichtet. Wir ergreifen angemessene Sicherheitsma\u00dfnahmen um Missbrauch und unberechtigten Zugriff auf pers\u00f6nliche Daten zu begrenzen. Dies stellt sicher, dass nur notwendige Personen Zugriff auf Ihre Daten erhalten, dieser Zugriff gesch\u00fctzt ist und dass unsere Sicherheitsma\u00dfnahmen regelm\u00e4\u00dfig \u00fcberpr\u00fcft werden.<\/p><p>Die von uns verwendeten Sicherheitsma\u00dfnahmen bestehen aus:<\/p><p><ul><li>(START)TLS \/ SSL \/ DANE-Verschl\u00fcsselung<\/li><\/ul><\/p><h2>8. Websites Dritter<\/h2><p>Diese Datenschutzerkl\u00e4rung gilt nicht f\u00fcr Websites von Drittanbietern, die \u00fcber Links auf unserer Website verbunden sind. Wir k\u00f6nnen nicht garantieren, dass diese Drittanbieter Ihre pers\u00f6nlichen Daten zuverl\u00e4ssig oder sicher behandeln. Wir empfehlen Ihnen, die Datenschutzerkl\u00e4rungen dieser Websites zu lesen, bevor Sie diese Websites nutzen.<\/p><h2>9. \u00c4nderungen dieser Datenschutzerkl\u00e4rung<\/h2><p>Wir behalten uns das Recht vor, \u00c4nderungen an dieser Datenschutzerkl\u00e4rung vorzunehmen. Es wird empfohlen, diese Datenschutzerkl\u00e4rung regelm\u00e4\u00dfig zu lesen, um \u00fcber etwaige \u00c4nderungen informiert zu sein. Dar\u00fcber hinaus informieren wir Sie, wo immer m\u00f6glich, aktiv.<\/p><h2>10. Zugriff und \u00c4nderung Ihrer Daten<\/h2><p>Wenn Sie Fragen haben oder wissen m\u00f6chten, welche pers\u00f6nlichen Daten wir \u00fcber Sie haben, nehmen Sie bitte Kontakt mit uns auf. Bitte geben Sie immer klar an, wer Sie sind, damit wir sicher sein k\u00f6nnen, dass wir keine Daten der falschen Person \u00e4ndern oder l\u00f6schen. Wir werden die angeforderten Informationen nur nach Erhalt einer \u00fcberpr\u00fcfbaren Verbraucheranfrage bereitstellen. Sie k\u00f6nnen uns \u00fcber die unten stehenden Informationen kontaktieren. Sie haben folgende Rechte:<\/p><p class=\"cmplz-subtitle\">10.1 Sie haben gegen\u00fcber uns folgende Rechte hinsichtlich Ihrer personenbezogenen Daten<\/p><ol class=\"alphabetic\">\n                        <li>Sie k\u00f6nnen einen Antrag auf Zugriff auf die Daten stellen, die wir \u00fcber Sie verarbeiten.<\/li>\n                        <li>Sie k\u00f6nnen eine \u00dcbersicht \u00fcber die von uns \u00fcber Sie verarbeiteten Daten in einem allgemein verwendeten Format anfordern.<\/li>\n                        <li>Sie k\u00f6nnen eine Korrektur oder L\u00f6schung der Daten verlangen, wenn diese falsch sind oder f\u00fcr keinen Zweck gem\u00e4\u00df dem Datenschutzgesetz mehr relevant sind.<\/li>\n                      <\/ol>\n                      <h2>11. Kinder<\/h2><p>Unsere Website ist nicht darauf ausgelegt, Kinder anzusprechen, und es ist nicht unsere Absicht, personenbezogene Daten von Kindern zu sammeln, die in ihrem Wohnsitzland noch nicht vollj\u00e4hrig sind. Wir bitten daher Kinder unter dem Vollj\u00e4hrigkeitsalter, uns keine personenbezogenen Daten zu \u00fcbermitteln.<\/p><h2>12. Kontaktdaten<\/h2><p>Benzini Campers AS<br \/>\n        Kilgata 17, 3217 Sandefjord<br \/>\n        Norwegen<br \/>\n        Webseite: <a href=\"https:\/\/benzinicampers.com\/de\">https:\/\/benzinicampers.com\/de<\/a> <br \/>\n        Email: <span class=\"cmplz-obfuscate\">h&#101;llo@<span class=\"cmplz-fmail-domain\">ex&#046;co&#109;<\/span>b&#101;n&#122;ini&#099;amp&#101;&#114;s.co&#109;<\/span> <br \/>\n        <br \/>\n        <\/p><p>Wir haben eine Kontaktperson f\u00fcr die Richtlinien und Praktiken der Organisation benannt, an die Beschwerden oder Anfragen weitergeleitet werden k\u00f6nnen:<br \/>Vladimir Kurajda<br \/>booking@benzinicampers.com<\/p><\/div>","protected":false},"excerpt":{"rendered":"","protected":false},"author":3,"featured_media":0,"parent":0,"menu_order":0,"comment_status":"closed","ping_status":"closed","template":"","meta":{"site-sidebar-layout":"default","site-content-layout":"","ast-site-content-layout":"default","site-content-style":"default","site-sidebar-style":"default","ast-global-header-display":"","ast-banner-title-visibility":"","ast-main-header-display":"","ast-hfb-above-header-display":"","ast-hfb-below-header-display":"","ast-hfb-mobile-header-display":"","site-post-title":"","ast-breadcrumbs-content":"","ast-featured-img":"","footer-sml-layout":"","ast-disable-related-posts":"","theme-transparent-header-meta":"","adv-header-id-meta":"","stick-header-meta":"","header-above-stick-meta":"","header-main-stick-meta":"","header-below-stick-meta":"","astra-migrate-meta-layouts":"default","ast-page-background-enabled":"default","ast-page-background-meta":{"desktop":{"background-color":"var(--ast-global-color-4)","background-image":"","background-repeat":"repeat","background-position":"center center","background-size":"auto","background-attachment":"scroll","background-type":"","background-media":"","overlay-type":"","overlay-color":"","overlay-opacity":"","overlay-gradient":""},"tablet":{"background-color":"","background-image":"","background-repeat":"repeat","background-position":"center center","background-size":"auto","background-attachment":"scroll","background-type":"","background-media":"","overlay-type":"","overlay-color":"","overlay-opacity":"","overlay-gradient":""},"mobile":{"background-color":"","background-image":"","background-repeat":"repeat","background-position":"center center","background-size":"auto","background-attachment":"scroll","background-type":"","background-media":"","overlay-type":"","overlay-color":"","overlay-opacity":"","overlay-gradient":""}},"ast-content-background-meta":{"desktop":{"background-color":"var(--ast-global-color-5)","background-image":"","background-repeat":"repeat","background-position":"center center","background-size":"auto","background-attachment":"scroll","background-type":"","background-media":"","overlay-type":"","overlay-color":"","overlay-opacity":"","overlay-gradient":""},"tablet":{"background-color":"var(--ast-global-color-5)","background-image":"","background-repeat":"repeat","background-position":"center center","background-size":"auto","background-attachment":"scroll","background-type":"","background-media":"","overlay-type":"","overlay-color":"","overlay-opacity":"","overlay-gradient":""},"mobile":{"background-color":"var(--ast-global-color-5)","background-image":"","background-repeat":"repeat","background-position":"center center","background-size":"auto","background-attachment":"scroll","background-type":"","background-media":"","overlay-type":"","overlay-color":"","overlay-opacity":"","overlay-gradient":""}},"footnotes":""},"class_list":["post-148281","page","type-page","status-publish","hentry"],"_links":{"self":[{"href":"https:\/\/benzinicampers.com\/de\/wp-json\/wp\/v2\/pages\/148281","targetHints":{"allow":["GET"]}}],"collection":[{"href":"https:\/\/benzinicampers.com\/de\/wp-json\/wp\/v2\/pages"}],"about":[{"href":"https:\/\/benzinicampers.com\/de\/wp-json\/wp\/v2\/types\/page"}],"author":[{"embeddable":true,"href":"https:\/\/benzinicampers.com\/de\/wp-json\/wp\/v2\/users\/3"}],"replies":[{"embeddable":true,"href":"https:\/\/benzinicampers.com\/de\/wp-json\/wp\/v2\/comments?post=148281"}],"version-history":[{"count":0,"href":"https:\/\/benzinicampers.com\/de\/wp-json\/wp\/v2\/pages\/148281\/revisions"}],"wp:attachment":[{"href":"https:\/\/benzinicampers.com\/de\/wp-json\/wp\/v2\/media?parent=148281"}],"curies":[{"name":"wp","href":"https:\/\/api.w.org\/{rel}","templated":true}]}}