{"id":148281,"date":"2024-04-15T11:07:01","date_gmt":"2024-04-15T11:07:01","guid":{"rendered":"https:\/\/www.benzinicampers.com\/privacy-statement-au\/"},"modified":"2024-04-15T11:07:01","modified_gmt":"2024-04-15T11:07:01","slug":"privacy-statement-au","status":"publish","type":"page","link":"https:\/\/benzinicampers.com\/es\/privacy-statement-au\/","title":{"rendered":"Privacy Statement (AU)"},"content":{"rendered":"<!-- Legal document generated by Complianz | GDPR\/CCPA Cookie Consent https:\/\/wordpress.org\/plugins\/complianz-gdpr -->\n<div id=\"cmplz-document\" class=\"cmplz-document privacy-statement cmplz-document-au\"><p><i>This privacy statement was last changed on , last checked on , and applies to citizens of Australia.<\/i><br \/><br \/><\/p><p>En esta declaraci\u00f3n de privacidad, explicamos qu\u00e9 hacemos con los datos que obtenemos sobre usted a trav\u00e9s de <a href=\"https:\/\/benzinicampers.com\/es\">https:\/\/benzinicampers.com\/es<\/a>. Le recomendamos leer atentamente esta declaraci\u00f3n. En nuestro procesamiento cumplimos con los requisitos de la legislaci\u00f3n de privacidad. Eso significa, entre otras cosas, que:<ul>\n                <li>Indicamos claramente los fines para los cuales procesamos datos personales. Hacemos esto por medio de esta declaraci\u00f3n de privacidad;<\/li>\n                <li>nuestro objetivo es limitar nuestra recopilaci\u00f3n de datos personales solo a los datos personales necesarios para fines leg\u00edtimos;<\/li>\n                <li>primero solicitamos su consentimiento expl\u00edcito para procesar sus datos personales en los casos que requieran su consentimiento;<\/li>\n                <li>tomamos medidas de seguridad adecuadas para proteger sus datos personales y tambi\u00e9n las exigimos a las partes que procesan datos personales en nuestro nombre;<\/li>\n                <li>Respetamos su derecho a acceder a sus datos personales o a corregirlos o eliminarlos, si as\u00ed lo solicita.<\/li>\n            <\/ul><\/p>Si tienes alguna duda o quieres saber exactamente qu\u00e9 datos guardamos de ti, ponte en contacto con nosotros.<h2>1. Purpose and categories of data<\/h2><p>Podemos recopilar o recibir informaci\u00f3n personal para diversos fines relacionados con nuestras operaciones comerciales, que pueden incluir los siguientes: (haga clic para expandir)<\/b><\/p><details class=\"cmplz-dropdown dropdown-privacy-statement\"><summary><div><h3>1.1 Vender o compartir datos con un tercero<\/h3><\/div><\/summary><p class=\"cmplz-subtitle\">The following categories of data are collected<\/p><p><ul><li>Direcci\u00f3n IP<\/li><li>Datos de geolocalizaci\u00f3n<\/li><\/ul><\/p><p class=\"cmplz-subtitle\">Per\u00edodo de retenci\u00f3n<\/p><p>Conservamos estos datos hasta que finalice el servicio.<\/p><\/details><details class=\"cmplz-dropdown dropdown-privacy-statement\"><summary><div><h3>1.2 Para respaldar servicios o productos que un cliente desea comprar o ha comprado<\/h3><\/div><\/summary><p class=\"cmplz-subtitle\">The following categories of data are collected<\/p><p><ul><li>Un nombre y apellido<\/li><li>Una direcci\u00f3n de correo electr\u00f3nico<\/li><li>Un n\u00famero de tel\u00e9fono<\/li><li>Una casa u otra direcci\u00f3n f\u00edsica, incluido el nombre de la calle y el nombre de una ciudad o pueblo.<\/li><li>Direcci\u00f3n IP<\/li><li>Fecha de nacimiento<\/li><li>Licencia de conducir<\/li><li>Una firma<\/li><\/ul><\/p><p class=\"cmplz-subtitle\">Per\u00edodo de retenci\u00f3n<\/p><p>Tras la finalizaci\u00f3n del servicio conservamos estos datos durante el siguiente periodo: 10 a\u00f1os.<\/p><\/details><details class=\"cmplz-dropdown dropdown-privacy-statement\"><summary><div><h3>1.3 Contacto \u2013 A trav\u00e9s de tel\u00e9fono, correo postal, correo electr\u00f3nico y\/o formularios web<\/h3><\/div><\/summary><p class=\"cmplz-subtitle\">The following categories of data are collected<\/p><p><ul><li>Un nombre y apellido<\/li><li>Una direcci\u00f3n de correo electr\u00f3nico<\/li><li>Direcci\u00f3n IP<\/li><\/ul><\/p><p class=\"cmplz-subtitle\">Per\u00edodo de retenci\u00f3n<\/p><p>Tras la finalizaci\u00f3n del servicio conservamos estos datos durante el siguiente periodo: 10 a\u00f1os.<\/p><\/details><details class=\"cmplz-dropdown dropdown-privacy-statement\"><summary><div><h3>1.4 Pagos<\/h3><\/div><\/summary><p class=\"cmplz-subtitle\">The following categories of data are collected<\/p><p><ul><li>Un nombre y apellido<\/li><\/ul><\/p><p class=\"cmplz-subtitle\">Per\u00edodo de retenci\u00f3n<\/p><p>Tras la finalizaci\u00f3n del servicio conservamos estos datos durante el siguiente periodo: 10 a\u00f1os.<\/p><\/details><details class=\"cmplz-dropdown dropdown-privacy-statement\"><summary><div><h3>1.5 Recopilar y analizar estad\u00edsticas para la mejora del sitio web.<\/h3><\/div><\/summary><p class=\"cmplz-subtitle\">The following categories of data are collected<\/p><p><ul><li>Direcci\u00f3n IP<\/li><li>Datos de geolocalizaci\u00f3n<\/li><\/ul><\/p><p class=\"cmplz-subtitle\">Per\u00edodo de retenci\u00f3n<\/p><p>Tras la finalizaci\u00f3n del servicio conservamos estos datos durante el siguiente periodo: 10 a\u00f1os.<\/p><\/details><h2>2. Compartir con otras partes<\/h2><p>Solo compartimos o revelamos estos datos a otros destinatarios para los siguientes fines:<\/p><h2>3. Pr\u00e1cticas de divulgaci\u00f3n<\/h2><p><p>Divulgamos informaci\u00f3n personal si as\u00ed lo exige la ley o una orden judicial, en respuesta a una agencia de aplicaci\u00f3n de la ley, en la medida permitida por otras disposiciones de la ley, para proporcionar informaci\u00f3n o para una investigaci\u00f3n sobre un asunto relacionado con la seguridad p\u00fablica.<\/p><p>Si nuestro sitio web u organizaci\u00f3n es adquirido, vendido o se ve involucrado en una fusi\u00f3n o adquisici\u00f3n, sus datos pueden ser revelados a nuestros asesores y a cualquier posible comprador y se transmitir\u00e1n a los nuevos propietarios.<\/p><\/p><h2>4. What if you don&#039;t provide us with your personal information?<\/h2><p>If you don't provide us with your personal information, we may not be able to provide you with the information, products or assistance that you are seeking.<\/p><h2>5. How we respond to Do Not Track signals &amp; Global Privacy Control <\/h2><p>Nuestro sitio web no responde ni admite el campo de solicitud de encabezado No rastrear (DNT).<\/p><h2>6. Cookies<\/h2><p>Nuestro sitio web utiliza cookies. Para obtener m\u00e1s informaci\u00f3n sobre las cookies, consulte nuestra Pol\u00edtica de cookies en nuestra <a href=\"https:\/\/benzinicampers.com\/es\/cookie-policy-au\/\">Cookie Policy (AU)<\/a> P\u00e1gina web.&nbsp;<\/p><p>Hemos celebrado un acuerdo de procesamiento de datos con Google.<\/p><h2>7. Security<\/h2><p>Estamos comprometidos con la seguridad de los datos personales. Tomamos medidas de seguridad adecuadas para limitar el abuso y el acceso no autorizado a los datos personales. Esto garantiza que solo las personas necesarias tengan acceso a sus datos, que el acceso a los datos est\u00e9 protegido y que nuestras medidas de seguridad se revisen peri\u00f3dicamente.<\/p><p>Las medidas de seguridad que utilizamos consisten en:<\/p><p><ul><li>(INICIO) Cifrado TLS\/SSL\/DANE<\/li><\/ul><\/p><h2>8. Third party websites<\/h2><p>This privacy statement does not apply to third party websites connected by links on our website. We cannot guarantee that these third parties handle your personal data in a reliable or secure manner. We recommend you read the privacy statements of these websites prior to making use of these websites.<\/p><h2>9. Amendments to this privacy statement<\/h2><p>Nos reservamos el derecho de realizar modificaciones a esta declaraci\u00f3n de privacidad. Se recomienda que consulte esta declaraci\u00f3n de privacidad peri\u00f3dicamente para estar al tanto de cualquier cambio. Adem\u00e1s, le informaremos activamente siempre que sea posible.<\/p><h2>10. Accessing and modifying your data<\/h2><p>Si tiene alguna pregunta o desea saber qu\u00e9 datos personales tenemos sobre usted, comun\u00edquese con nosotros. Aseg\u00farese de indicar siempre claramente qui\u00e9n es usted, para que podamos estar seguros de que no modificamos ni eliminamos ning\u00fan dato de la persona equivocada. Proporcionaremos la informaci\u00f3n solicitada \u00fanicamente cuando recibamos una solicitud verificable del consumidor. Puede contactarnos utilizando la siguiente informaci\u00f3n. Tienes los siguientes derechos:<\/p><p class=\"cmplz-subtitle\">10.1 You have the following rights with respect to your personal data<\/p><ol class=\"alphabetic\">\n                        <li>Puede enviar una solicitud de acceso a los datos que procesamos sobre usted.<\/li>\n                        <li>Puede solicitar una descripci\u00f3n general, en un formato de uso com\u00fan, de los datos que procesamos sobre usted.<\/li>\n                        <li>You may request correction or deletion of the data if it is incorrect or not or no longer relevant for any purpose under the Privacy Act.<\/li>\n                      <\/ol>\n                      <h2>11. Children<\/h2><p>Nuestro sitio web no est\u00e1 dise\u00f1ado para atraer ni\u00f1os y no es nuestra intenci\u00f3n recopilar datos personales de ni\u00f1os menores de la edad de consentimiento en su pa\u00eds de residencia. Por lo tanto, solicitamos que los ni\u00f1os menores de la edad de consentimiento no nos env\u00eden ning\u00fan dato personal.<\/p><h2>12. Contact details<\/h2><p>Benzini Campers AS<br \/>\n        Kilgata 17, 3217 Sandefjord<br \/>\n        Noruega<br \/>\n        Sitio web: <a href=\"https:\/\/benzinicampers.com\/es\">https:\/\/benzinicampers.com\/es<\/a> <br \/>\n        Correo electr\u00f3nico: <span class=\"cmplz-obfuscate\">&#104;&#101;&#108;lo@<span class=\"cmplz-fmail-domain\">e&#120;.com<\/span>benz&#105;&#110;i&#099;a&#109;&#112;e&#114;&#115;.&#099;&#111;m<\/span> <br \/>\n        <br \/>\n        <\/p><p>We have appointed a contact person for the organization\u2019s policies and practices and to whom complaints or inquiries can be forwarded:<br \/>Vladimir Kurajda<br \/>booking@benzinicampers.com<\/p><\/div>","protected":false},"excerpt":{"rendered":"","protected":false},"author":3,"featured_media":0,"parent":0,"menu_order":0,"comment_status":"closed","ping_status":"closed","template":"","meta":{"site-sidebar-layout":"default","site-content-layout":"","ast-site-content-layout":"default","site-content-style":"default","site-sidebar-style":"default","ast-global-header-display":"","ast-banner-title-visibility":"","ast-main-header-display":"","ast-hfb-above-header-display":"","ast-hfb-below-header-display":"","ast-hfb-mobile-header-display":"","site-post-title":"","ast-breadcrumbs-content":"","ast-featured-img":"","footer-sml-layout":"","ast-disable-related-posts":"","theme-transparent-header-meta":"","adv-header-id-meta":"","stick-header-meta":"","header-above-stick-meta":"","header-main-stick-meta":"","header-below-stick-meta":"","astra-migrate-meta-layouts":"default","ast-page-background-enabled":"default","ast-page-background-meta":{"desktop":{"background-color":"var(--ast-global-color-4)","background-image":"","background-repeat":"repeat","background-position":"center center","background-size":"auto","background-attachment":"scroll","background-type":"","background-media":"","overlay-type":"","overlay-color":"","overlay-opacity":"","overlay-gradient":""},"tablet":{"background-color":"","background-image":"","background-repeat":"repeat","background-position":"center center","background-size":"auto","background-attachment":"scroll","background-type":"","background-media":"","overlay-type":"","overlay-color":"","overlay-opacity":"","overlay-gradient":""},"mobile":{"background-color":"","background-image":"","background-repeat":"repeat","background-position":"center center","background-size":"auto","background-attachment":"scroll","background-type":"","background-media":"","overlay-type":"","overlay-color":"","overlay-opacity":"","overlay-gradient":""}},"ast-content-background-meta":{"desktop":{"background-color":"var(--ast-global-color-5)","background-image":"","background-repeat":"repeat","background-position":"center center","background-size":"auto","background-attachment":"scroll","background-type":"","background-media":"","overlay-type":"","overlay-color":"","overlay-opacity":"","overlay-gradient":""},"tablet":{"background-color":"var(--ast-global-color-5)","background-image":"","background-repeat":"repeat","background-position":"center center","background-size":"auto","background-attachment":"scroll","background-type":"","background-media":"","overlay-type":"","overlay-color":"","overlay-opacity":"","overlay-gradient":""},"mobile":{"background-color":"var(--ast-global-color-5)","background-image":"","background-repeat":"repeat","background-position":"center center","background-size":"auto","background-attachment":"scroll","background-type":"","background-media":"","overlay-type":"","overlay-color":"","overlay-opacity":"","overlay-gradient":""}},"footnotes":""},"class_list":["post-148281","page","type-page","status-publish","hentry"],"_links":{"self":[{"href":"https:\/\/benzinicampers.com\/es\/wp-json\/wp\/v2\/pages\/148281","targetHints":{"allow":["GET"]}}],"collection":[{"href":"https:\/\/benzinicampers.com\/es\/wp-json\/wp\/v2\/pages"}],"about":[{"href":"https:\/\/benzinicampers.com\/es\/wp-json\/wp\/v2\/types\/page"}],"author":[{"embeddable":true,"href":"https:\/\/benzinicampers.com\/es\/wp-json\/wp\/v2\/users\/3"}],"replies":[{"embeddable":true,"href":"https:\/\/benzinicampers.com\/es\/wp-json\/wp\/v2\/comments?post=148281"}],"version-history":[{"count":0,"href":"https:\/\/benzinicampers.com\/es\/wp-json\/wp\/v2\/pages\/148281\/revisions"}],"wp:attachment":[{"href":"https:\/\/benzinicampers.com\/es\/wp-json\/wp\/v2\/media?parent=148281"}],"curies":[{"name":"Gracias","href":"https:\/\/api.w.org\/{rel}","templated":true}]}}