{"id":8517,"date":"2022-03-19T09:54:01","date_gmt":"2022-03-19T09:54:01","guid":{"rendered":"https:\/\/www.benzinicampers.com\/?page_id=8517"},"modified":"2023-08-29T16:59:41","modified_gmt":"2023-08-29T16:59:41","slug":"extras-movidos","status":"publish","type":"page","link":"https:\/\/benzinicampers.com\/es\/extras-moved\/","title":{"rendered":"extras movidos"},"content":{"rendered":"<div data-elementor-type=\"wp-page\" data-elementor-id=\"8517\" class=\"elementor elementor-8517\" data-elementor-settings=\"{&quot;ha_cmc_init_switcher&quot;:&quot;no&quot;}\" data-elementor-post-type=\"page\">\n\t\t\t\t\t\t<section class=\"elementor-section elementor-top-section elementor-element elementor-element-11331cd elementor-section-boxed elementor-section-height-default elementor-section-height-default\" data-id=\"11331cd\" data-element_type=\"section\" data-e-type=\"section\" data-settings=\"{&quot;_ha_eqh_enable&quot;:false}\">\n\t\t\t\t\t\t<div class=\"elementor-container elementor-column-gap-default\">\n\t\t\t\t\t<div class=\"elementor-column elementor-col-100 elementor-top-column elementor-element elementor-element-adccd0d\" data-id=\"adccd0d\" data-element_type=\"column\" data-e-type=\"column\">\n\t\t\t<div class=\"elementor-widget-wrap elementor-element-populated\">\n\t\t\t\t\t\t<div class=\"elementor-element elementor-element-375476c elementor-widget elementor-widget-text-editor\" data-id=\"375476c\" data-element_type=\"widget\" data-e-type=\"widget\" data-widget_type=\"text-editor.default\">\n\t\t\t\t<div class=\"elementor-widget-container\">\n\t\t\t\t\t\t\t\t\t<p>Para obtener una descripci\u00f3n general de los extras, visite <a href=\"https:\/\/benzinicampers.com\/es\/nuestros-complementos\/\">nuestros complementos<\/a> p\u00e1gina.<\/p>\t\t\t\t\t\t\t\t<\/div>\n\t\t\t\t<\/div>\n\t\t\t\t\t<\/div>\n\t\t<\/div>\n\t\t\t\t\t<\/div>\n\t\t<\/section>\n\t\t\t\t<section class=\"elementor-section elementor-top-section elementor-element elementor-element-67b77a54 elementor-section-content-middle elementor-section-boxed elementor-section-height-default elementor-section-height-default\" data-id=\"67b77a54\" data-element_type=\"section\" data-e-type=\"section\" data-settings=\"{&quot;_ha_eqh_enable&quot;:false}\">\n\t\t\t\t\t\t<div class=\"elementor-container elementor-column-gap-no\">\n\t\t\t\t\t<div class=\"elementor-column elementor-col-33 elementor-top-column elementor-element elementor-element-557e4e76\" data-id=\"557e4e76\" data-element_type=\"column\" data-e-type=\"column\">\n\t\t\t<div class=\"elementor-widget-wrap elementor-element-populated\">\n\t\t\t\t\t\t<div class=\"elementor-element elementor-element-d4bfd58 elementor-widget elementor-widget-heading\" data-id=\"d4bfd58\" data-element_type=\"widget\" data-e-type=\"widget\" data-widget_type=\"heading.default\">\n\t\t\t\t<div class=\"elementor-widget-container\">\n\t\t\t\t\t<h2 class=\"elementor-heading-title elementor-size-default\">Nuestros extras se han movido directamente al formulario de reserva.<\/h2>\t\t\t\t<\/div>\n\t\t\t\t<\/div>\n\t\t\t\t<div class=\"elementor-element elementor-element-24b5a8f4 elementor-widget elementor-widget-image\" data-id=\"24b5a8f4\" data-element_type=\"widget\" data-e-type=\"widget\" data-widget_type=\"image.default\">\n\t\t\t\t<div class=\"elementor-widget-container\">\n\t\t\t\t\t\t\t\t\t\t\t\t\t\t\t<img fetchpriority=\"high\" decoding=\"async\" width=\"1200\" height=\"800\" src=\"https:\/\/benzinicampers.com\/wp-content\/uploads\/2021\/05\/bess-blog-12.jpg\" class=\"elementor-animation-grow attachment-large size-large wp-image-3715\" alt=\"remando en el lago gjende\" srcset=\"https:\/\/benzinicampers.com\/wp-content\/uploads\/2021\/05\/bess-blog-12.jpg 1200w, https:\/\/benzinicampers.com\/wp-content\/uploads\/2021\/05\/bess-blog-12-600x400.jpg 600w, https:\/\/benzinicampers.com\/wp-content\/uploads\/2021\/05\/bess-blog-12-360x240.jpg 360w, https:\/\/benzinicampers.com\/wp-content\/uploads\/2021\/05\/bess-blog-12-750x500.jpg 750w, https:\/\/benzinicampers.com\/wp-content\/uploads\/2021\/05\/bess-blog-12-16x12.jpg 16w, https:\/\/benzinicampers.com\/wp-content\/uploads\/2021\/05\/bess-blog-12-120x80.jpg 120w\" sizes=\"(max-width: 1200px) 100vw, 1200px\" \/>\t\t\t\t\t\t\t\t\t\t\t\t\t\t\t<\/div>\n\t\t\t\t<\/div>\n\t\t\t\t\t<\/div>\n\t\t<\/div>\n\t\t\t\t<div class=\"elementor-column elementor-col-33 elementor-top-column elementor-element elementor-element-15680b6a\" data-id=\"15680b6a\" data-element_type=\"column\" data-e-type=\"column\">\n\t\t\t<div class=\"elementor-widget-wrap elementor-element-populated\">\n\t\t\t\t\t\t<div class=\"elementor-element elementor-element-4e9ddcb9 elementor-widget elementor-widget-image\" data-id=\"4e9ddcb9\" data-element_type=\"widget\" data-e-type=\"widget\" data-widget_type=\"image.default\">\n\t\t\t\t<div class=\"elementor-widget-container\">\n\t\t\t\t\t\t\t\t\t\t\t\t\t\t\t<img decoding=\"async\" width=\"1200\" height=\"1200\" src=\"https:\/\/benzinicampers.com\/wp-content\/uploads\/2022\/02\/81SJeyUprTL._AC_SL1500_.jpg\" class=\"elementor-animation-grow attachment-large size-large wp-image-4944\" alt=\"\" srcset=\"https:\/\/benzinicampers.com\/wp-content\/uploads\/2022\/02\/81SJeyUprTL._AC_SL1500_.jpg 1500w, https:\/\/benzinicampers.com\/wp-content\/uploads\/2022\/02\/81SJeyUprTL._AC_SL1500_-500x500.jpg 500w, https:\/\/benzinicampers.com\/wp-content\/uploads\/2022\/02\/81SJeyUprTL._AC_SL1500_-100x100.jpg 100w, https:\/\/benzinicampers.com\/wp-content\/uploads\/2022\/02\/81SJeyUprTL._AC_SL1500_-600x600.jpg 600w, https:\/\/benzinicampers.com\/wp-content\/uploads\/2022\/02\/81SJeyUprTL._AC_SL1500_-360x360.jpg 360w, https:\/\/benzinicampers.com\/wp-content\/uploads\/2022\/02\/81SJeyUprTL._AC_SL1500_-80x80.jpg 80w, https:\/\/benzinicampers.com\/wp-content\/uploads\/2022\/02\/81SJeyUprTL._AC_SL1500_-750x750.jpg 750w, https:\/\/benzinicampers.com\/wp-content\/uploads\/2022\/02\/81SJeyUprTL._AC_SL1500_-12x12.jpg 12w, https:\/\/benzinicampers.com\/wp-content\/uploads\/2022\/02\/81SJeyUprTL._AC_SL1500_-160x160.jpg 160w\" sizes=\"(max-width: 1200px) 100vw, 1200px\" \/>\t\t\t\t\t\t\t\t\t\t\t\t\t\t\t<\/div>\n\t\t\t\t<\/div>\n\t\t\t\t<div class=\"elementor-element elementor-element-7c55838 elementor-widget elementor-widget-heading\" data-id=\"7c55838\" data-element_type=\"widget\" data-e-type=\"widget\" data-widget_type=\"heading.default\">\n\t\t\t\t<div class=\"elementor-widget-container\">\n\t\t\t\t\t<h2 class=\"elementor-heading-title elementor-size-default\">Elige tu camper y descubre qu\u00e9 m\u00e1s te gustar\u00eda reservar<\/h2>\t\t\t\t<\/div>\n\t\t\t\t<\/div>\n\t\t\t\t\t<\/div>\n\t\t<\/div>\n\t\t\t\t<div class=\"elementor-column elementor-col-33 elementor-top-column elementor-element elementor-element-62be9307\" data-id=\"62be9307\" data-element_type=\"column\" data-e-type=\"column\">\n\t\t\t<div class=\"elementor-widget-wrap elementor-element-populated\">\n\t\t\t\t\t\t<div class=\"elementor-element elementor-element-e738c3b elementor-widget elementor-widget-heading\" data-id=\"e738c3b\" data-element_type=\"widget\" data-e-type=\"widget\" data-widget_type=\"heading.default\">\n\t\t\t\t<div class=\"elementor-widget-container\">\n\t\t\t\t\t<h2 class=\"elementor-heading-title elementor-size-default\">Siempre puedes contactarnos para m\u00e1s informaci\u00f3n.<\/h2>\t\t\t\t<\/div>\n\t\t\t\t<\/div>\n\t\t\t\t<div class=\"elementor-element elementor-element-30834d20 elementor-widget elementor-widget-image\" data-id=\"30834d20\" data-element_type=\"widget\" data-e-type=\"widget\" data-widget_type=\"image.default\">\n\t\t\t\t<div class=\"elementor-widget-container\">\n\t\t\t\t\t\t\t\t\t\t\t\t\t\t\t<img decoding=\"async\" width=\"1100\" height=\"1000\" src=\"https:\/\/benzinicampers.com\/wp-content\/uploads\/2021\/04\/travel-mug-enamel.jpg\" class=\"elementor-animation-grow attachment-full size-full wp-image-4378\" alt=\"taza-de-viaje-esmaltada\" srcset=\"https:\/\/benzinicampers.com\/wp-content\/uploads\/2021\/04\/travel-mug-enamel.jpg 1100w, https:\/\/benzinicampers.com\/wp-content\/uploads\/2021\/04\/travel-mug-enamel-600x545.jpg 600w, https:\/\/benzinicampers.com\/wp-content\/uploads\/2021\/04\/travel-mug-enamel-360x327.jpg 360w, https:\/\/benzinicampers.com\/wp-content\/uploads\/2021\/04\/travel-mug-enamel-750x682.jpg 750w, https:\/\/benzinicampers.com\/wp-content\/uploads\/2021\/04\/travel-mug-enamel-13x12.jpg 13w, https:\/\/benzinicampers.com\/wp-content\/uploads\/2021\/04\/travel-mug-enamel-88x80.jpg 88w\" sizes=\"(max-width: 1100px) 100vw, 1100px\" \/>\t\t\t\t\t\t\t\t\t\t\t\t\t\t\t<\/div>\n\t\t\t\t<\/div>\n\t\t\t\t\t<\/div>\n\t\t<\/div>\n\t\t\t\t\t<\/div>\n\t\t<\/section>\n\t\t\t\t<section class=\"elementor-section elementor-top-section elementor-element elementor-element-6468915 elementor-section-boxed elementor-section-height-default elementor-section-height-default\" data-id=\"6468915\" data-element_type=\"section\" data-e-type=\"section\" data-settings=\"{&quot;_ha_eqh_enable&quot;:false}\">\n\t\t\t\t\t\t<div class=\"elementor-container elementor-column-gap-default\">\n\t\t\t\t\t<div class=\"elementor-column elementor-col-100 elementor-top-column elementor-element elementor-element-1c81ab6\" data-id=\"1c81ab6\" data-element_type=\"column\" data-e-type=\"column\">\n\t\t\t<div class=\"elementor-widget-wrap elementor-element-populated\">\n\t\t\t\t\t\t<div class=\"elementor-element elementor-element-d5d967f elementor-widget elementor-widget-text-editor\" data-id=\"d5d967f\" data-element_type=\"widget\" data-e-type=\"widget\" data-widget_type=\"text-editor.default\">\n\t\t\t\t<div class=\"elementor-widget-container\">\n\t\t\t\t\t\t\t\t\t<p>Para obtener una descripci\u00f3n general de los extras, visite <a href=\"https:\/\/benzinicampers.com\/es\/nuestros-complementos\/\">nuestros complementos<\/a> p\u00e1gina.<\/p>\t\t\t\t\t\t\t\t<\/div>\n\t\t\t\t<\/div>\n\t\t\t\t<div class=\"elementor-element elementor-element-3029c95 elementor-widget elementor-widget-spacer\" data-id=\"3029c95\" data-element_type=\"widget\" data-e-type=\"widget\" data-widget_type=\"spacer.default\">\n\t\t\t\t<div class=\"elementor-widget-container\">\n\t\t\t\t\t\t\t<div class=\"elementor-spacer\">\n\t\t\t<div class=\"elementor-spacer-inner\"><\/div>\n\t\t<\/div>\n\t\t\t\t\t\t<\/div>\n\t\t\t\t<\/div>\n\t\t\t\t\t<\/div>\n\t\t<\/div>\n\t\t\t\t\t<\/div>\n\t\t<\/section>\n\t\t\t\t<\/div>","protected":false},"excerpt":{"rendered":"<p>For the extras overview, please visit our add-ons page. Our extras has moved directly to the booking form Choose your [&hellip;]<\/p>\n","protected":false},"author":3,"featured_media":0,"parent":0,"menu_order":0,"comment_status":"closed","ping_status":"closed","template":"elementor_header_footer","meta":{"site-sidebar-layout":"default","site-content-layout":"","ast-site-content-layout":"default","site-content-style":"default","site-sidebar-style":"default","ast-global-header-display":"","ast-banner-title-visibility":"","ast-main-header-display":"","ast-hfb-above-header-display":"","ast-hfb-below-header-display":"","ast-hfb-mobile-header-display":"","site-post-title":"","ast-breadcrumbs-content":"","ast-featured-img":"","footer-sml-layout":"","ast-disable-related-posts":"","theme-transparent-header-meta":"","adv-header-id-meta":"","stick-header-meta":"","header-above-stick-meta":"","header-main-stick-meta":"","header-below-stick-meta":"","astra-migrate-meta-layouts":"default","ast-page-background-enabled":"default","ast-page-background-meta":{"desktop":{"background-color":"var(--ast-global-color-4)","background-image":"","background-repeat":"repeat","background-position":"center center","background-size":"auto","background-attachment":"scroll","background-type":"","background-media":"","overlay-type":"","overlay-color":"","overlay-opacity":"","overlay-gradient":""},"tablet":{"background-color":"","background-image":"","background-repeat":"repeat","background-position":"center center","background-size":"auto","background-attachment":"scroll","background-type":"","background-media":"","overlay-type":"","overlay-color":"","overlay-opacity":"","overlay-gradient":""},"mobile":{"background-color":"","background-image":"","background-repeat":"repeat","background-position":"center center","background-size":"auto","background-attachment":"scroll","background-type":"","background-media":"","overlay-type":"","overlay-color":"","overlay-opacity":"","overlay-gradient":""}},"ast-content-background-meta":{"desktop":{"background-color":"var(--ast-global-color-5)","background-image":"","background-repeat":"repeat","background-position":"center center","background-size":"auto","background-attachment":"scroll","background-type":"","background-media":"","overlay-type":"","overlay-color":"","overlay-opacity":"","overlay-gradient":""},"tablet":{"background-color":"var(--ast-global-color-5)","background-image":"","background-repeat":"repeat","background-position":"center center","background-size":"auto","background-attachment":"scroll","background-type":"","background-media":"","overlay-type":"","overlay-color":"","overlay-opacity":"","overlay-gradient":""},"mobile":{"background-color":"var(--ast-global-color-5)","background-image":"","background-repeat":"repeat","background-position":"center center","background-size":"auto","background-attachment":"scroll","background-type":"","background-media":"","overlay-type":"","overlay-color":"","overlay-opacity":"","overlay-gradient":""}},"footnotes":""},"class_list":["post-8517","page","type-page","status-publish","hentry"],"_links":{"self":[{"href":"https:\/\/benzinicampers.com\/es\/wp-json\/wp\/v2\/pages\/8517","targetHints":{"allow":["GET"]}}],"collection":[{"href":"https:\/\/benzinicampers.com\/es\/wp-json\/wp\/v2\/pages"}],"about":[{"href":"https:\/\/benzinicampers.com\/es\/wp-json\/wp\/v2\/types\/page"}],"author":[{"embeddable":true,"href":"https:\/\/benzinicampers.com\/es\/wp-json\/wp\/v2\/users\/3"}],"replies":[{"embeddable":true,"href":"https:\/\/benzinicampers.com\/es\/wp-json\/wp\/v2\/comments?post=8517"}],"version-history":[{"count":5,"href":"https:\/\/benzinicampers.com\/es\/wp-json\/wp\/v2\/pages\/8517\/revisions"}],"predecessor-version":[{"id":104143,"href":"https:\/\/benzinicampers.com\/es\/wp-json\/wp\/v2\/pages\/8517\/revisions\/104143"}],"wp:attachment":[{"href":"https:\/\/benzinicampers.com\/es\/wp-json\/wp\/v2\/media?parent=8517"}],"curies":[{"name":"Gracias","href":"https:\/\/api.w.org\/{rel}","templated":true}]}}