{"id":148281,"date":"2024-04-15T11:07:01","date_gmt":"2024-04-15T11:07:01","guid":{"rendered":"https:\/\/www.benzinicampers.com\/privacy-statement-au\/"},"modified":"2024-04-15T11:07:01","modified_gmt":"2024-04-15T11:07:01","slug":"privacy-statement-au","status":"publish","type":"page","link":"https:\/\/benzinicampers.com\/fr\/privacy-statement-au\/","title":{"rendered":"Privacy Statement (AU)"},"content":{"rendered":"<!-- Legal document generated by Complianz | GDPR\/CCPA Cookie Consent https:\/\/wordpress.org\/plugins\/complianz-gdpr -->\n<div id=\"cmplz-document\" class=\"cmplz-document privacy-statement cmplz-document-au\"><p><i>This privacy statement was last changed on , last checked on , and applies to citizens of Australia.<\/i><br \/><br \/><\/p><p>Dans cette d\u00e9claration de confidentialit\u00e9, nous expliquons ce que nous faisons avec les donn\u00e9es que nous obtenons \u00e0 votre sujet via <a href=\"https:\/\/benzinicampers.com\/fr\">https:\/\/benzinicampers.com\/fr<\/a>. Nous vous recommandons de lire attentivement cette d\u00e9claration. Lors de notre traitement, nous respectons les exigences de la l\u00e9gislation sur la protection de la vie priv\u00e9e. Cela signifie entre autres que :<ul>\n                <li>nous indiquons clairement les finalit\u00e9s pour lesquelles nous traitons les donn\u00e9es personnelles. Nous le faisons au moyen de cette d\u00e9claration de confidentialit\u00e9\u00a0;<\/li>\n                <li>notre objectif est de limiter notre collecte de donn\u00e9es personnelles aux seules donn\u00e9es personnelles requises \u00e0 des fins l\u00e9gitimes\u00a0;<\/li>\n                <li>nous demandons d&#039;abord votre consentement explicite pour traiter vos donn\u00e9es personnelles dans les cas n\u00e9cessitant votre consentement\u00a0;<\/li>\n                <li>nous prenons des mesures de s\u00e9curit\u00e9 appropri\u00e9es pour prot\u00e9ger vos donn\u00e9es personnelles et l&#039;exigeons \u00e9galement des parties qui traitent les donn\u00e9es personnelles en notre nom\u00a0;<\/li>\n                <li>nous respectons votre droit d&#039;acc\u00e9der \u00e0 vos donn\u00e9es personnelles ou de les faire rectifier ou supprimer, \u00e0 votre demande.<\/li>\n            <\/ul><\/p>Si vous avez des questions ou souhaitez savoir exactement quelles donn\u00e9es nous conservons \u00e0 votre sujet, veuillez nous contacter.<h2>1. Purpose and categories of data<\/h2><p>Nous pouvons collecter ou recevoir des informations personnelles \u00e0 diverses fins li\u00e9es \u00e0 nos op\u00e9rations commerciales, notamment les suivantes\u00a0: (cliquez pour d\u00e9velopper)<\/b><\/p><details class=\"cmplz-dropdown dropdown-privacy-statement\"><summary><div><h3>1.1 Vendre ou partager des donn\u00e9es avec un tiers<\/h3><\/div><\/summary><p class=\"cmplz-subtitle\">The following categories of data are collected<\/p><p><ul><li>Adresse IP<\/li><li>Donn\u00e9es de g\u00e9olocalisation<\/li><\/ul><\/p><p class=\"cmplz-subtitle\">Dur\u00e9e de conservation<\/p><p>Nous conservons ces donn\u00e9es jusqu&#039;\u00e0 la fin du service.<\/p><\/details><details class=\"cmplz-dropdown dropdown-privacy-statement\"><summary><div><h3>1.2 Pour soutenir les services ou les produits qu&#039;un client souhaite acheter ou a achet\u00e9s<\/h3><\/div><\/summary><p class=\"cmplz-subtitle\">The following categories of data are collected<\/p><p><ul><li>Un pr\u00e9nom et un nom<\/li><li>Une adresse e-mail<\/li><li>Un num\u00e9ro de t\u00e9l\u00e9phone<\/li><li>Une adresse personnelle ou autre adresse physique, y compris le nom de la rue et le nom d&#039;une ville ou d&#039;un village<\/li><li>Adresse IP<\/li><li>Date de naissance<\/li><li>Le permis de conduire<\/li><li>Une signature<\/li><\/ul><\/p><p class=\"cmplz-subtitle\">Dur\u00e9e de conservation<\/p><p>\u00c0 la fin du service, nous conservons ces donn\u00e9es pendant la dur\u00e9e suivante : 10 ans.<\/p><\/details><details class=\"cmplz-dropdown dropdown-privacy-statement\"><summary><div><h3>1.3 Contact - Par t\u00e9l\u00e9phone, courrier, e-mail et\/ou formulaires Web<\/h3><\/div><\/summary><p class=\"cmplz-subtitle\">The following categories of data are collected<\/p><p><ul><li>Un pr\u00e9nom et un nom<\/li><li>Une adresse e-mail<\/li><li>Adresse IP<\/li><\/ul><\/p><p class=\"cmplz-subtitle\">Dur\u00e9e de conservation<\/p><p>\u00c0 la fin du service, nous conservons ces donn\u00e9es pendant la dur\u00e9e suivante : 10 ans.<\/p><\/details><details class=\"cmplz-dropdown dropdown-privacy-statement\"><summary><div><h3>1.4 Paiements<\/h3><\/div><\/summary><p class=\"cmplz-subtitle\">The following categories of data are collected<\/p><p><ul><li>Un pr\u00e9nom et un nom<\/li><\/ul><\/p><p class=\"cmplz-subtitle\">Dur\u00e9e de conservation<\/p><p>\u00c0 la fin du service, nous conservons ces donn\u00e9es pendant la dur\u00e9e suivante : 10 ans.<\/p><\/details><details class=\"cmplz-dropdown dropdown-privacy-statement\"><summary><div><h3>1.5 Compilation et analyse de statistiques pour l\u2019am\u00e9lioration du site Web.<\/h3><\/div><\/summary><p class=\"cmplz-subtitle\">The following categories of data are collected<\/p><p><ul><li>Adresse IP<\/li><li>Donn\u00e9es de g\u00e9olocalisation<\/li><\/ul><\/p><p class=\"cmplz-subtitle\">Dur\u00e9e de conservation<\/p><p>\u00c0 la fin du service, nous conservons ces donn\u00e9es pendant la dur\u00e9e suivante : 10 ans.<\/p><\/details><h2>2. Partage avec d&#039;autres parties<\/h2><p>Nous partageons ou divulguons ces donn\u00e9es \u00e0 d&#039;autres destinataires uniquement aux fins suivantes\u00a0:<\/p><h2>3. Pratiques de divulgation<\/h2><p><p>Nous divulguons des renseignements personnels si la loi ou une ordonnance d\u2019un tribunal nous y oblige, en r\u00e9ponse \u00e0 un organisme charg\u00e9 de l\u2019application de la loi, dans la mesure permise par d\u2019autres dispositions de la loi, pour fournir des renseignements ou pour une enqu\u00eate sur une question li\u00e9e \u00e0 la s\u00e9curit\u00e9 publique.<\/p><p>Si notre site Web ou notre organisation est repris, vendu ou impliqu\u00e9 dans une fusion ou une acquisition, vos coordonn\u00e9es peuvent \u00eatre divulgu\u00e9es \u00e0 nos conseillers et \u00e0 tout acheteur potentiel et seront transmises aux nouveaux propri\u00e9taires.<\/p><\/p><h2>4. What if you don&#039;t provide us with your personal information?<\/h2><p>If you don't provide us with your personal information, we may not be able to provide you with the information, products or assistance that you are seeking.<\/p><h2>5. How we respond to Do Not Track signals &amp; Global Privacy Control <\/h2><p>Notre site Web ne r\u00e9pond pas et ne prend pas en charge le champ de demande d\u2019en-t\u00eate Do Not Track (DNT).<\/p><h2>6. Cookies<\/h2><p>Notre site Web utilise des cookies. Pour plus d&#039;informations sur les cookies, veuillez vous r\u00e9f\u00e9rer \u00e0 notre politique en mati\u00e8re de cookies sur notre <a href=\"https:\/\/benzinicampers.com\/fr\/cookie-policy-au\/\">Cookie Policy (AU)<\/a> page web.&nbsp;<\/p><p>Nous avons conclu un accord de traitement des donn\u00e9es avec Google.<\/p><h2>7. Security<\/h2><p>Nous nous engageons \u00e0 la s\u00e9curit\u00e9 des donn\u00e9es personnelles. Nous prenons des mesures de s\u00e9curit\u00e9 appropri\u00e9es pour limiter l&#039;abus et l&#039;acc\u00e8s non autoris\u00e9 aux donn\u00e9es personnelles. Cela garantit que seules les personnes n\u00e9cessaires ont acc\u00e8s \u00e0 vos donn\u00e9es, que l&#039;acc\u00e8s aux donn\u00e9es est prot\u00e9g\u00e9 et que nos mesures de s\u00e9curit\u00e9 sont r\u00e9guli\u00e8rement revues.<\/p><p>Les mesures de s\u00e9curit\u00e9 que nous utilisons consistent en :<\/p><p><ul><li>(D\u00c9MARRER) Chiffrement TLS \/ SSL \/ DANE<\/li><\/ul><\/p><h2>8. Third party websites<\/h2><p>This privacy statement does not apply to third party websites connected by links on our website. We cannot guarantee that these third parties handle your personal data in a reliable or secure manner. We recommend you read the privacy statements of these websites prior to making use of these websites.<\/p><h2>9. Amendments to this privacy statement<\/h2><p>Nous nous r\u00e9servons le droit d&#039;apporter des modifications \u00e0 cette d\u00e9claration de confidentialit\u00e9. Il est recommand\u00e9 de consulter r\u00e9guli\u00e8rement cette d\u00e9claration de confidentialit\u00e9 afin d&#039;\u00eatre inform\u00e9 de tout changement. De plus, nous vous informerons activement dans la mesure du possible.<\/p><h2>10. Accessing and modifying your data<\/h2><p>Si vous avez des questions ou souhaitez savoir quelles donn\u00e9es personnelles nous poss\u00e9dons \u00e0 votre sujet, veuillez nous contacter. Assurez-vous de toujours indiquer clairement qui vous \u00eates, afin que nous puissions \u00eatre s\u00fbrs de ne pas modifier ou supprimer les donn\u00e9es de la mauvaise personne. Nous ne fournirons les informations demand\u00e9es qu\u2019apr\u00e8s r\u00e9ception d\u2019une demande v\u00e9rifiable du consommateur. Vous pouvez nous contacter en utilisant les informations ci-dessous. Vous disposez des droits suivants :<\/p><p class=\"cmplz-subtitle\">10.1 You have the following rights with respect to your personal data<\/p><ol class=\"alphabetic\">\n                        <li>Vous pouvez soumettre une demande d&#039;acc\u00e8s aux donn\u00e9es que nous traitons \u00e0 votre sujet.<\/li>\n                        <li>Vous pouvez demander un aper\u00e7u, dans un format couramment utilis\u00e9, des donn\u00e9es que nous traitons \u00e0 votre sujet.<\/li>\n                        <li>You may request correction or deletion of the data if it is incorrect or not or no longer relevant for any purpose under the Privacy Act.<\/li>\n                      <\/ol>\n                      <h2>11. Children<\/h2><p>Notre site Web n&#039;est pas con\u00e7u pour attirer les enfants et notre intention n&#039;est pas de collecter des donn\u00e9es personnelles sur des enfants n&#039;ayant pas atteint l&#039;\u00e2ge de consentement dans leur pays de r\u00e9sidence. Nous demandons donc aux enfants n\u2019ayant pas atteint l\u2019\u00e2ge de consentement de ne nous soumettre aucune donn\u00e9e personnelle.<\/p><h2>12. Contact details<\/h2><p>Benzini Campers AS<br \/>\n        Kilgata 17, 3217 Sandefjord<br \/>\n        Norv\u00e8ge<br \/>\n        Site web: <a href=\"https:\/\/benzinicampers.com\/fr\">https:\/\/benzinicampers.com\/fr<\/a> <br \/>\n        E-mail: <span class=\"cmplz-obfuscate\">h&#101;l&#108;&#111;@<span class=\"cmplz-fmail-domain\">&#101;&#120;.c&#111;&#109;<\/span>benzi&#110;&#105;ca&#109;&#112;&#101;&#114;s&#046;&#099;&#111;m<\/span> <br \/>\n        <br \/>\n        <\/p><p>We have appointed a contact person for the organization\u2019s policies and practices and to whom complaints or inquiries can be forwarded:<br \/>Vladimir Kurajda<br \/>booking@benzinicampers.com<\/p><\/div>","protected":false},"excerpt":{"rendered":"","protected":false},"author":3,"featured_media":0,"parent":0,"menu_order":0,"comment_status":"closed","ping_status":"closed","template":"","meta":{"site-sidebar-layout":"default","site-content-layout":"","ast-site-content-layout":"default","site-content-style":"default","site-sidebar-style":"default","ast-global-header-display":"","ast-banner-title-visibility":"","ast-main-header-display":"","ast-hfb-above-header-display":"","ast-hfb-below-header-display":"","ast-hfb-mobile-header-display":"","site-post-title":"","ast-breadcrumbs-content":"","ast-featured-img":"","footer-sml-layout":"","ast-disable-related-posts":"","theme-transparent-header-meta":"","adv-header-id-meta":"","stick-header-meta":"","header-above-stick-meta":"","header-main-stick-meta":"","header-below-stick-meta":"","astra-migrate-meta-layouts":"default","ast-page-background-enabled":"default","ast-page-background-meta":{"desktop":{"background-color":"var(--ast-global-color-4)","background-image":"","background-repeat":"repeat","background-position":"center center","background-size":"auto","background-attachment":"scroll","background-type":"","background-media":"","overlay-type":"","overlay-color":"","overlay-opacity":"","overlay-gradient":""},"tablet":{"background-color":"","background-image":"","background-repeat":"repeat","background-position":"center center","background-size":"auto","background-attachment":"scroll","background-type":"","background-media":"","overlay-type":"","overlay-color":"","overlay-opacity":"","overlay-gradient":""},"mobile":{"background-color":"","background-image":"","background-repeat":"repeat","background-position":"center center","background-size":"auto","background-attachment":"scroll","background-type":"","background-media":"","overlay-type":"","overlay-color":"","overlay-opacity":"","overlay-gradient":""}},"ast-content-background-meta":{"desktop":{"background-color":"var(--ast-global-color-5)","background-image":"","background-repeat":"repeat","background-position":"center center","background-size":"auto","background-attachment":"scroll","background-type":"","background-media":"","overlay-type":"","overlay-color":"","overlay-opacity":"","overlay-gradient":""},"tablet":{"background-color":"var(--ast-global-color-5)","background-image":"","background-repeat":"repeat","background-position":"center center","background-size":"auto","background-attachment":"scroll","background-type":"","background-media":"","overlay-type":"","overlay-color":"","overlay-opacity":"","overlay-gradient":""},"mobile":{"background-color":"var(--ast-global-color-5)","background-image":"","background-repeat":"repeat","background-position":"center center","background-size":"auto","background-attachment":"scroll","background-type":"","background-media":"","overlay-type":"","overlay-color":"","overlay-opacity":"","overlay-gradient":""}},"footnotes":""},"class_list":["post-148281","page","type-page","status-publish","hentry"],"_links":{"self":[{"href":"https:\/\/benzinicampers.com\/fr\/wp-json\/wp\/v2\/pages\/148281","targetHints":{"allow":["GET"]}}],"collection":[{"href":"https:\/\/benzinicampers.com\/fr\/wp-json\/wp\/v2\/pages"}],"about":[{"href":"https:\/\/benzinicampers.com\/fr\/wp-json\/wp\/v2\/types\/page"}],"author":[{"embeddable":true,"href":"https:\/\/benzinicampers.com\/fr\/wp-json\/wp\/v2\/users\/3"}],"replies":[{"embeddable":true,"href":"https:\/\/benzinicampers.com\/fr\/wp-json\/wp\/v2\/comments?post=148281"}],"version-history":[{"count":0,"href":"https:\/\/benzinicampers.com\/fr\/wp-json\/wp\/v2\/pages\/148281\/revisions"}],"wp:attachment":[{"href":"https:\/\/benzinicampers.com\/fr\/wp-json\/wp\/v2\/media?parent=148281"}],"curies":[{"name":"wp","href":"https:\/\/api.w.org\/{rel}","templated":true}]}}