{"id":148277,"date":"2024-04-15T11:06:58","date_gmt":"2024-04-15T11:06:58","guid":{"rendered":"https:\/\/www.benzinicampers.com\/privacy-statement-uk\/"},"modified":"2024-04-15T11:06:58","modified_gmt":"2024-04-15T11:06:58","slug":"privacy-statement-uk","status":"publish","type":"page","link":"https:\/\/benzinicampers.com\/it\/privacy-statement-uk\/","title":{"rendered":"Privacy Statement (UK)"},"content":{"rendered":"<!-- Legal document generated by Complianz | GDPR\/CCPA Cookie Consent https:\/\/wordpress.org\/plugins\/complianz-gdpr -->\n<div id=\"cmplz-document\" class=\"cmplz-document privacy-statement cmplz-document-uk\"><p><i>This privacy statement was last updated on  and applies to citizens and legal permanent residents of the United Kingdom.<\/i><br><br><\/p><p>In questa informativa sulla privacy, spieghiamo cosa facciamo con i dati che otteniamo su di te tramite <a href=\"https:\/\/benzinicampers.com\/it\">https:\/\/benzinicampers.com\/it<\/a>. Ti consigliamo di leggere attentamente questa informativa. Nel nostro trattamento rispettiamo i requisiti della normativa sulla privacy. Ci\u00f2 significa, tra le altre cose, che:<\/p><ul>\n                <li>indichiamo chiaramente le finalit\u00e0 per le quali trattiamo i dati personali. Lo facciamo tramite la presente informativa sulla privacy;<\/li>\n                <li>miriamo a limitare la nostra raccolta di dati personali ai soli dati personali richiesti per scopi legittimi;<\/li>\n                <li>chiediamo innanzitutto il tuo esplicito consenso al trattamento dei tuoi dati personali nei casi che richiedono il tuo consenso;<\/li>\n                <li>adottiamo misure di sicurezza adeguate per proteggere i tuoi dati personali e lo richiediamo anche alle parti che trattano i dati personali per nostro conto;<\/li>\n                <li>rispettiamo il tuo diritto di accedere ai tuoi dati personali o di farli correggere o cancellare, su tua richiesta.<\/li>\n            <\/ul><p>Se hai domande o vuoi sapere esattamente quali dati conserviamo su di te, contattaci.<\/p><h2>1. Finalit\u00e0, dati e periodo di conservazione<\/h2>Potremmo raccogliere o ricevere informazioni personali per una serie di scopi connessi alle nostre operazioni aziendali, che possono includere quanto segue: (clicca per espandere)<details class=\"cmplz-dropdown dropdown-privacy-statement\"><summary><div><h3>1.1 Per vendere o condividere dati con terze parti<\/h3><\/div><\/summary><p class=\"cmplz-subtitle\">A questo scopo utilizziamo i seguenti dati:<\/p><p><ul><li>Indirizzo IP<\/li><li>Dati di geolocalizzazione<\/li><\/ul><\/p><p class=\"cmplz-subtitle\">La base sulla quale possiamo elaborare questi dati \u00e8:<\/p><p><a target=\"_blank\" rel=\"noopener noreferrer nofollow\" href=\"https:\/\/cookiedatabase.org\/legal-bases\/#consent\">Previo consenso.<\/a><\/p><p class=\"cmplz-subtitle\">Periodo di conservazione<\/p><p>Conserviamo questi dati fino alla cessazione del servizio.<\/p><\/details><details class=\"cmplz-dropdown dropdown-privacy-statement\"><summary><div><h3>1.2 Per supportare servizi o prodotti che un cliente desidera acquistare o ha acquistato<\/h3><\/div><\/summary><p class=\"cmplz-subtitle\">A questo scopo utilizziamo i seguenti dati:<\/p><p><ul><li>Un nome e un cognome<\/li><li>Un indirizzo email<\/li><li>Un numero di telefono<\/li><li>Un indirizzo di casa o un altro indirizzo fisico, incluso il nome della via e il nome di una citt\u00e0 o paese<\/li><li>Indirizzo IP<\/li><li>Data di nascita<\/li><li>Patente di guida<\/li><li>Una firma<\/li><\/ul><\/p><p class=\"cmplz-subtitle\">La base sulla quale possiamo elaborare questi dati \u00e8:<\/p><p><a target=\"_blank\" rel=\"noopener noreferrer nofollow\" href=\"https:\/\/cookiedatabase.org\/legal-bases\/#consent\">Previo consenso.<\/a><\/p><p class=\"cmplz-subtitle\">Periodo di conservazione<\/p><p>Dopo la cessazione del servizio conserveremo questi dati per il seguente periodo: 10 anni.<\/p><\/details><details class=\"cmplz-dropdown dropdown-privacy-statement\"><summary><div><h3>1.3 Contatto - Tramite telefono, posta, e-mail e\/o moduli web<\/h3><\/div><\/summary><p class=\"cmplz-subtitle\">A questo scopo utilizziamo i seguenti dati:<\/p><p><ul><li>Un nome e un cognome<\/li><li>Un indirizzo email<\/li><li>Indirizzo IP<\/li><\/ul><\/p><p class=\"cmplz-subtitle\">La base sulla quale possiamo elaborare questi dati \u00e8:<\/p><p><a target=\"_blank\" rel=\"noopener noreferrer nofollow\" href=\"https:\/\/cookiedatabase.org\/legal-bases\/#consent\">Previo consenso.<\/a><\/p><p class=\"cmplz-subtitle\">Periodo di conservazione<\/p><p>Dopo la cessazione del servizio conserveremo questi dati per il seguente periodo: 10 anni.<\/p><\/details><details class=\"cmplz-dropdown dropdown-privacy-statement\"><summary><div><h3>1.4 Pagamenti<\/h3><\/div><\/summary><p class=\"cmplz-subtitle\">A questo scopo utilizziamo i seguenti dati:<\/p><p><ul><li>Un nome e un cognome<\/li><\/ul><\/p><p class=\"cmplz-subtitle\">La base sulla quale possiamo elaborare questi dati \u00e8:<\/p><p><a target=\"_blank\" rel=\"noopener noreferrer nofollow\" href=\"https:\/\/cookiedatabase.org\/legal-bases\/#consent\">Previo consenso.<\/a><\/p><p class=\"cmplz-subtitle\">Periodo di conservazione<\/p><p>Dopo la cessazione del servizio conserveremo questi dati per il seguente periodo: 10 anni.<\/p><\/details><details class=\"cmplz-dropdown dropdown-privacy-statement\"><summary><div><h3>1.5 Compilazione e analisi di statistiche per il miglioramento del sito web.<\/h3><\/div><\/summary><p class=\"cmplz-subtitle\">A questo scopo utilizziamo i seguenti dati:<\/p><p><ul><li>Indirizzo IP<\/li><li>Dati di geolocalizzazione<\/li><\/ul><\/p><p class=\"cmplz-subtitle\">La base sulla quale possiamo elaborare questi dati \u00e8:<\/p><p><a target=\"_blank\" rel=\"noopener noreferrer nofollow\" href=\"https:\/\/cookiedatabase.org\/legal-bases\/#consent\">Previo consenso.<\/a><\/p><p class=\"cmplz-subtitle\">Periodo di conservazione<\/p><p>Dopo la cessazione del servizio conserveremo questi dati per il seguente periodo: 10 anni.<\/p><\/details><h2>2. Condivisione con altri soggetti<\/h2><p>Condividiamo questi dati solo con i responsabili del trattamento e con altre terze parti per i quali \u00e8 necessario ottenere il consenso.<\/p><h2>3. Biscotti<\/h2><p>Il nostro sito web utilizza i cookie. Per maggiori informazioni sui cookie, fare riferimento al nostro <a href=\"https:\/\/benzinicampers.com\/it\/cookie-policy-uk\/\">Gestione dei Cookie<\/a>.&nbsp;<\/p><h2>4. Pratiche di divulgazione<\/h2><p><p>Divulghiamo informazioni personali se richiesto dalla legge o da un ordine del tribunale, in risposta a un&#039;autorit\u00e0 di polizia, nella misura consentita da altre disposizioni di legge, per fornire informazioni o per un&#039;indagine su una questione relativa alla sicurezza pubblica.<\/p><p>Se il nostro sito web o la nostra organizzazione venissero rilevati, venduti o coinvolti in una fusione o acquisizione, i tuoi dati potrebbero essere divulgati ai nostri consulenti e a potenziali acquirenti e saranno trasmessi ai nuovi proprietari.<\/p><\/p><p>Abbiamo concluso un accordo sul trattamento dei dati con Google.<\/p><h2>5. Sicurezza<\/h2><p>We are committed to the security of personal data. We take appropriate security measures to limit abuse of and unauthorised access to personal data. This ensures that only the necessary persons have access to your data, that access to the data is protected, and that our security measures are regularly reviewed.<\/p><p>Le misure di sicurezza che utilizziamo consistono in:<\/p><p><ul><li>(START) Crittografia TLS \/ SSL \/ DANE<\/li><\/ul><\/p><h2>6. Siti web di terze parti<\/h2><p>La presente informativa sulla privacy non si applica ai siti Web di terzi collegati tramite collegamenti sul nostro sito Web. Non possiamo garantire che queste terze parti gestiscano i tuoi dati personali in modo affidabile o sicuro. Ti consigliamo di leggere le informative sulla privacy di questi siti Web prima di utilizzarli.<\/p><h2>7. Modifiche alla presente informativa sulla privacy<\/h2><p>Ci riserviamo il diritto di apportare modifiche alla presente informativa sulla privacy. Si consiglia di consultare regolarmente la presente informativa sulla privacy per essere a conoscenza di eventuali modifiche. Inoltre, vi informeremo attivamente ove possibile.<\/p><h2>8. Accesso e modifica dei dati<\/h2><p>Se hai domande o vuoi sapere quali dati personali abbiamo su di te, ti preghiamo di contattarci. Puoi contattarci utilizzando le informazioni di seguito. Hai i seguenti diritti:<\/p><ul>\n                <li>Hai il diritto di sapere perch\u00e9 i tuoi dati personali sono necessari, cosa ne sar\u00e0 di essi e per quanto tempo verranno conservati.<\/li>\n                <li>Diritto di accesso: Hai il diritto di accedere ai tuoi dati personali a noi noti.<\/li>\n                <li>Diritto di rettifica: hai il diritto di integrare, correggere, cancellare o bloccare i tuoi dati personali in qualsiasi momento.<\/li>\n                <li>Se ci hai dato il consenso al trattamento dei tuoi dati, hai il diritto di revocare tale consenso e di far cancellare i tuoi dati personali.<\/li>\n                <li>Diritto alla portabilit\u00e0 dei dati: hai il diritto di richiedere al titolare del trattamento tutti i tuoi dati personali e di trasferirli integralmente a un altro titolare del trattamento.<\/li>\n                <li>Diritto di opposizione: puoi opporti al trattamento dei tuoi dati. Noi rispettiamo tale diritto, a meno che non vi siano giustificati motivi per il trattamento.<\/li>\n            <\/ul><p>Assicurati di indicare sempre chiaramente chi sei, cos\u00ec possiamo essere certi di non modificare o eliminare i dati della persona sbagliata.<\/p><h2>9. Presentazione di un reclamo<\/h2><p>If you are not satisfied with the way in which we handle (a complaint about) the processing of your personal data, you have the right to submit a complaint to the Information Commissioner's Office:<\/p><p><br>Wycliffe House<br>\n                        Water Lane<br>\n                        Wilmslow<br>\n                        Cheshire<br>\n                        SK9 5AF<\/p><h2>10. Bambini<\/h2><p>Il nostro sito web non \u00e8 progettato per attirare i bambini e non \u00e8 nostro intento raccogliere dati personali da bambini di et\u00e0 inferiore al consenso nel loro Paese di residenza. Chiediamo pertanto che i bambini al di sotto dell&#039;et\u00e0 del consenso non ci forniscano alcun dato personale.<\/p><h2>11. Dettagli di contatto<\/h2><p>Benzini Campers AS<br>\n        Kilgata 17, 3217 Sandefiordo<br>\n        Norvegia<br>\n        Sito web: <a href=\"https:\/\/benzinicampers.com\/it\">https:\/\/benzinicampers.com\/it<\/a> <br>\n        E-mail: <span class=\"cmplz-obfuscate\">&#104;e&#108;lo@<span class=\"cmplz-fmail-domain\">e&#120;.c&#111;m<\/span>b&#101;&#110;&#122;&#105;&#110;i&#099;amp&#101;r&#115;.&#099;&#111;m<\/span> <br>\n        <\/p><\/div>","protected":false},"excerpt":{"rendered":"","protected":false},"author":3,"featured_media":0,"parent":0,"menu_order":0,"comment_status":"closed","ping_status":"closed","template":"","meta":{"site-sidebar-layout":"default","site-content-layout":"","ast-site-content-layout":"default","site-content-style":"default","site-sidebar-style":"default","ast-global-header-display":"","ast-banner-title-visibility":"","ast-main-header-display":"","ast-hfb-above-header-display":"","ast-hfb-below-header-display":"","ast-hfb-mobile-header-display":"","site-post-title":"","ast-breadcrumbs-content":"","ast-featured-img":"","footer-sml-layout":"","ast-disable-related-posts":"","theme-transparent-header-meta":"","adv-header-id-meta":"","stick-header-meta":"","header-above-stick-meta":"","header-main-stick-meta":"","header-below-stick-meta":"","astra-migrate-meta-layouts":"default","ast-page-background-enabled":"default","ast-page-background-meta":{"desktop":{"background-color":"var(--ast-global-color-4)","background-image":"","background-repeat":"repeat","background-position":"center center","background-size":"auto","background-attachment":"scroll","background-type":"","background-media":"","overlay-type":"","overlay-color":"","overlay-opacity":"","overlay-gradient":""},"tablet":{"background-color":"","background-image":"","background-repeat":"repeat","background-position":"center center","background-size":"auto","background-attachment":"scroll","background-type":"","background-media":"","overlay-type":"","overlay-color":"","overlay-opacity":"","overlay-gradient":""},"mobile":{"background-color":"","background-image":"","background-repeat":"repeat","background-position":"center center","background-size":"auto","background-attachment":"scroll","background-type":"","background-media":"","overlay-type":"","overlay-color":"","overlay-opacity":"","overlay-gradient":""}},"ast-content-background-meta":{"desktop":{"background-color":"var(--ast-global-color-5)","background-image":"","background-repeat":"repeat","background-position":"center center","background-size":"auto","background-attachment":"scroll","background-type":"","background-media":"","overlay-type":"","overlay-color":"","overlay-opacity":"","overlay-gradient":""},"tablet":{"background-color":"var(--ast-global-color-5)","background-image":"","background-repeat":"repeat","background-position":"center center","background-size":"auto","background-attachment":"scroll","background-type":"","background-media":"","overlay-type":"","overlay-color":"","overlay-opacity":"","overlay-gradient":""},"mobile":{"background-color":"var(--ast-global-color-5)","background-image":"","background-repeat":"repeat","background-position":"center center","background-size":"auto","background-attachment":"scroll","background-type":"","background-media":"","overlay-type":"","overlay-color":"","overlay-opacity":"","overlay-gradient":""}},"footnotes":""},"class_list":["post-148277","page","type-page","status-publish","hentry"],"_links":{"self":[{"href":"https:\/\/benzinicampers.com\/it\/wp-json\/wp\/v2\/pages\/148277","targetHints":{"allow":["GET"]}}],"collection":[{"href":"https:\/\/benzinicampers.com\/it\/wp-json\/wp\/v2\/pages"}],"about":[{"href":"https:\/\/benzinicampers.com\/it\/wp-json\/wp\/v2\/types\/page"}],"author":[{"embeddable":true,"href":"https:\/\/benzinicampers.com\/it\/wp-json\/wp\/v2\/users\/3"}],"replies":[{"embeddable":true,"href":"https:\/\/benzinicampers.com\/it\/wp-json\/wp\/v2\/comments?post=148277"}],"version-history":[{"count":0,"href":"https:\/\/benzinicampers.com\/it\/wp-json\/wp\/v2\/pages\/148277\/revisions"}],"wp:attachment":[{"href":"https:\/\/benzinicampers.com\/it\/wp-json\/wp\/v2\/media?parent=148277"}],"curies":[{"name":"scrivere","href":"https:\/\/api.w.org\/{rel}","templated":true}]}}