{"id":148281,"date":"2024-04-15T11:07:01","date_gmt":"2024-04-15T11:07:01","guid":{"rendered":"https:\/\/www.benzinicampers.com\/privacy-statement-au\/"},"modified":"2024-04-15T11:07:01","modified_gmt":"2024-04-15T11:07:01","slug":"privacy-statement-au","status":"publish","type":"page","link":"https:\/\/benzinicampers.com\/it\/privacy-statement-au\/","title":{"rendered":"Privacy Statement (AU)"},"content":{"rendered":"<!-- Legal document generated by Complianz | GDPR\/CCPA Cookie Consent https:\/\/wordpress.org\/plugins\/complianz-gdpr -->\n<div id=\"cmplz-document\" class=\"cmplz-document privacy-statement cmplz-document-au\"><p><i>This privacy statement was last changed on , last checked on , and applies to citizens of Australia.<\/i><br \/><br \/><\/p><p>In questa informativa sulla privacy, spieghiamo cosa facciamo con i dati che otteniamo su di te tramite <a href=\"https:\/\/benzinicampers.com\/it\">https:\/\/benzinicampers.com\/it<\/a>. Ti consigliamo di leggere attentamente questa informativa. Nel nostro trattamento rispettiamo i requisiti della normativa sulla privacy. Ci\u00f2 significa, tra le altre cose, che:<ul>\n                <li>indichiamo chiaramente le finalit\u00e0 per le quali trattiamo i dati personali. Lo facciamo tramite la presente informativa sulla privacy;<\/li>\n                <li>miriamo a limitare la nostra raccolta di dati personali ai soli dati personali richiesti per scopi legittimi;<\/li>\n                <li>chiediamo innanzitutto il tuo esplicito consenso al trattamento dei tuoi dati personali nei casi che richiedono il tuo consenso;<\/li>\n                <li>adottiamo misure di sicurezza adeguate per proteggere i tuoi dati personali e lo richiediamo anche alle parti che trattano i dati personali per nostro conto;<\/li>\n                <li>rispettiamo il tuo diritto di accedere ai tuoi dati personali o di farli correggere o cancellare, su tua richiesta.<\/li>\n            <\/ul><\/p>Se hai domande o vuoi sapere esattamente quali dati conserviamo su di te, contattaci.<h2>1. Purpose and categories of data<\/h2><p>Potremmo raccogliere o ricevere informazioni personali per una serie di scopi connessi alle nostre operazioni aziendali, che possono includere quanto segue: (clicca per espandere)<\/b><\/p><details class=\"cmplz-dropdown dropdown-privacy-statement\"><summary><div><h3>1.1 Per vendere o condividere dati con terze parti<\/h3><\/div><\/summary><p class=\"cmplz-subtitle\">The following categories of data are collected<\/p><p><ul><li>Indirizzo IP<\/li><li>Dati di geolocalizzazione<\/li><\/ul><\/p><p class=\"cmplz-subtitle\">Periodo di conservazione<\/p><p>Conserviamo questi dati fino alla cessazione del servizio.<\/p><\/details><details class=\"cmplz-dropdown dropdown-privacy-statement\"><summary><div><h3>1.2 Per supportare servizi o prodotti che un cliente desidera acquistare o ha acquistato<\/h3><\/div><\/summary><p class=\"cmplz-subtitle\">The following categories of data are collected<\/p><p><ul><li>Un nome e un cognome<\/li><li>Un indirizzo email<\/li><li>Un numero di telefono<\/li><li>Un indirizzo di casa o un altro indirizzo fisico, incluso il nome della via e il nome di una citt\u00e0 o paese<\/li><li>Indirizzo IP<\/li><li>Data di nascita<\/li><li>Patente di guida<\/li><li>Una firma<\/li><\/ul><\/p><p class=\"cmplz-subtitle\">Periodo di conservazione<\/p><p>Dopo la cessazione del servizio conserveremo questi dati per il seguente periodo: 10 anni.<\/p><\/details><details class=\"cmplz-dropdown dropdown-privacy-statement\"><summary><div><h3>1.3 Contatto - Tramite telefono, posta, e-mail e\/o moduli web<\/h3><\/div><\/summary><p class=\"cmplz-subtitle\">The following categories of data are collected<\/p><p><ul><li>Un nome e un cognome<\/li><li>Un indirizzo email<\/li><li>Indirizzo IP<\/li><\/ul><\/p><p class=\"cmplz-subtitle\">Periodo di conservazione<\/p><p>Dopo la cessazione del servizio conserveremo questi dati per il seguente periodo: 10 anni.<\/p><\/details><details class=\"cmplz-dropdown dropdown-privacy-statement\"><summary><div><h3>1.4 Pagamenti<\/h3><\/div><\/summary><p class=\"cmplz-subtitle\">The following categories of data are collected<\/p><p><ul><li>Un nome e un cognome<\/li><\/ul><\/p><p class=\"cmplz-subtitle\">Periodo di conservazione<\/p><p>Dopo la cessazione del servizio conserveremo questi dati per il seguente periodo: 10 anni.<\/p><\/details><details class=\"cmplz-dropdown dropdown-privacy-statement\"><summary><div><h3>1.5 Compilazione e analisi di statistiche per il miglioramento del sito web.<\/h3><\/div><\/summary><p class=\"cmplz-subtitle\">The following categories of data are collected<\/p><p><ul><li>Indirizzo IP<\/li><li>Dati di geolocalizzazione<\/li><\/ul><\/p><p class=\"cmplz-subtitle\">Periodo di conservazione<\/p><p>Dopo la cessazione del servizio conserveremo questi dati per il seguente periodo: 10 anni.<\/p><\/details><h2>2. Condivisione con altri soggetti<\/h2><p>Condividiamo o divulghiamo questi dati ad altri destinatari solo per i seguenti scopi:<\/p><h2>3. Pratiche di divulgazione<\/h2><p><p>Divulghiamo informazioni personali se richiesto dalla legge o da un ordine del tribunale, in risposta a un&#039;autorit\u00e0 di polizia, nella misura consentita da altre disposizioni di legge, per fornire informazioni o per un&#039;indagine su una questione relativa alla sicurezza pubblica.<\/p><p>Se il nostro sito web o la nostra organizzazione venissero rilevati, venduti o coinvolti in una fusione o acquisizione, i tuoi dati potrebbero essere divulgati ai nostri consulenti e a potenziali acquirenti e saranno trasmessi ai nuovi proprietari.<\/p><\/p><h2>4. What if you don&#039;t provide us with your personal information?<\/h2><p>If you don't provide us with your personal information, we may not be able to provide you with the information, products or assistance that you are seeking.<\/p><h2>5. How we respond to Do Not Track signals &amp; Global Privacy Control <\/h2><p>Il nostro sito Web non risponde e non supporta il campo di richiesta dell&#039;intestazione Do Not Track (DNT).<\/p><h2>6. Cookies<\/h2><p>Il nostro sito web utilizza i cookie. Per ulteriori informazioni sui cookie, consultare la nostra Cookie Policy sul ns <a href=\"https:\/\/benzinicampers.com\/it\/cookie-policy-au\/\">Cookie Policy (AU)<\/a> pagina web.&nbsp;<\/p><p>Abbiamo concluso un accordo sul trattamento dei dati con Google.<\/p><h2>7. Security<\/h2><p>Ci impegniamo per la sicurezza dei dati personali. Adottiamo misure di sicurezza adeguate per limitare l&#039;abuso e l&#039;accesso non autorizzato ai dati personali. Ci\u00f2 garantisce che solo le persone necessarie abbiano accesso ai tuoi dati, che l\u2019accesso ai dati sia protetto e che le nostre misure di sicurezza vengano regolarmente riviste.<\/p><p>Le misure di sicurezza che utilizziamo consistono in:<\/p><p><ul><li>(START) Crittografia TLS \/ SSL \/ DANE<\/li><\/ul><\/p><h2>8. Third party websites<\/h2><p>This privacy statement does not apply to third party websites connected by links on our website. We cannot guarantee that these third parties handle your personal data in a reliable or secure manner. We recommend you read the privacy statements of these websites prior to making use of these websites.<\/p><h2>9. Amendments to this privacy statement<\/h2><p>Ci riserviamo il diritto di apportare modifiche alla presente informativa sulla privacy. Si consiglia di consultare regolarmente la presente informativa sulla privacy per essere a conoscenza di eventuali modifiche. Inoltre, vi informeremo attivamente ove possibile.<\/p><h2>10. Accessing and modifying your data<\/h2><p>Se hai domande o vuoi sapere quali dati personali abbiamo su di te, contattaci. Assicurati di indicare sempre chiaramente chi sei, in modo da poter essere certi di non modificare o cancellare alcun dato della persona sbagliata. Forniremo le informazioni richieste solo al ricevimento di una richiesta verificabile del consumatore. Puoi contattarci utilizzando le informazioni riportate di seguito. Hai i seguenti diritti:<\/p><p class=\"cmplz-subtitle\">10.1 You have the following rights with respect to your personal data<\/p><ol class=\"alphabetic\">\n                        <li>Puoi inviare una richiesta di accesso ai dati che trattiamo su di te.<\/li>\n                        <li>Puoi richiedere una panoramica, in un formato comunemente utilizzato, dei dati che trattiamo su di te.<\/li>\n                        <li>You may request correction or deletion of the data if it is incorrect or not or no longer relevant for any purpose under the Privacy Act.<\/li>\n                      <\/ol>\n                      <h2>11. Children<\/h2><p>Il nostro sito web non \u00e8 progettato per attirare i bambini e non \u00e8 nostro intento raccogliere dati personali da bambini di et\u00e0 inferiore al consenso nel loro Paese di residenza. Chiediamo pertanto che i bambini al di sotto dell&#039;et\u00e0 del consenso non ci forniscano alcun dato personale.<\/p><h2>12. Contact details<\/h2><p>Benzini Campers AS<br \/>\n        Kilgata 17, 3217 Sandefiordo<br \/>\n        Norvegia<br \/>\n        Sito web: <a href=\"https:\/\/benzinicampers.com\/it\">https:\/\/benzinicampers.com\/it<\/a> <br \/>\n        E-mail: <span class=\"cmplz-obfuscate\">&#104;el&#108;o@<span class=\"cmplz-fmail-domain\">&#101;&#120;&#046;&#099;o&#109;<\/span>b&#101;n&#122;ini&#099;&#097;mpe&#114;&#115;.com<\/span> <br \/>\n        <br \/>\n        <\/p><p>We have appointed a contact person for the organization\u2019s policies and practices and to whom complaints or inquiries can be forwarded:<br \/>Vladimir Kurajda<br \/>booking@benzinicampers.com<\/p><\/div>","protected":false},"excerpt":{"rendered":"","protected":false},"author":3,"featured_media":0,"parent":0,"menu_order":0,"comment_status":"closed","ping_status":"closed","template":"","meta":{"site-sidebar-layout":"default","site-content-layout":"","ast-site-content-layout":"default","site-content-style":"default","site-sidebar-style":"default","ast-global-header-display":"","ast-banner-title-visibility":"","ast-main-header-display":"","ast-hfb-above-header-display":"","ast-hfb-below-header-display":"","ast-hfb-mobile-header-display":"","site-post-title":"","ast-breadcrumbs-content":"","ast-featured-img":"","footer-sml-layout":"","ast-disable-related-posts":"","theme-transparent-header-meta":"","adv-header-id-meta":"","stick-header-meta":"","header-above-stick-meta":"","header-main-stick-meta":"","header-below-stick-meta":"","astra-migrate-meta-layouts":"default","ast-page-background-enabled":"default","ast-page-background-meta":{"desktop":{"background-color":"var(--ast-global-color-4)","background-image":"","background-repeat":"repeat","background-position":"center center","background-size":"auto","background-attachment":"scroll","background-type":"","background-media":"","overlay-type":"","overlay-color":"","overlay-opacity":"","overlay-gradient":""},"tablet":{"background-color":"","background-image":"","background-repeat":"repeat","background-position":"center center","background-size":"auto","background-attachment":"scroll","background-type":"","background-media":"","overlay-type":"","overlay-color":"","overlay-opacity":"","overlay-gradient":""},"mobile":{"background-color":"","background-image":"","background-repeat":"repeat","background-position":"center center","background-size":"auto","background-attachment":"scroll","background-type":"","background-media":"","overlay-type":"","overlay-color":"","overlay-opacity":"","overlay-gradient":""}},"ast-content-background-meta":{"desktop":{"background-color":"var(--ast-global-color-5)","background-image":"","background-repeat":"repeat","background-position":"center center","background-size":"auto","background-attachment":"scroll","background-type":"","background-media":"","overlay-type":"","overlay-color":"","overlay-opacity":"","overlay-gradient":""},"tablet":{"background-color":"var(--ast-global-color-5)","background-image":"","background-repeat":"repeat","background-position":"center center","background-size":"auto","background-attachment":"scroll","background-type":"","background-media":"","overlay-type":"","overlay-color":"","overlay-opacity":"","overlay-gradient":""},"mobile":{"background-color":"var(--ast-global-color-5)","background-image":"","background-repeat":"repeat","background-position":"center center","background-size":"auto","background-attachment":"scroll","background-type":"","background-media":"","overlay-type":"","overlay-color":"","overlay-opacity":"","overlay-gradient":""}},"footnotes":""},"class_list":["post-148281","page","type-page","status-publish","hentry"],"_links":{"self":[{"href":"https:\/\/benzinicampers.com\/it\/wp-json\/wp\/v2\/pages\/148281","targetHints":{"allow":["GET"]}}],"collection":[{"href":"https:\/\/benzinicampers.com\/it\/wp-json\/wp\/v2\/pages"}],"about":[{"href":"https:\/\/benzinicampers.com\/it\/wp-json\/wp\/v2\/types\/page"}],"author":[{"embeddable":true,"href":"https:\/\/benzinicampers.com\/it\/wp-json\/wp\/v2\/users\/3"}],"replies":[{"embeddable":true,"href":"https:\/\/benzinicampers.com\/it\/wp-json\/wp\/v2\/comments?post=148281"}],"version-history":[{"count":0,"href":"https:\/\/benzinicampers.com\/it\/wp-json\/wp\/v2\/pages\/148281\/revisions"}],"wp:attachment":[{"href":"https:\/\/benzinicampers.com\/it\/wp-json\/wp\/v2\/media?parent=148281"}],"curies":[{"name":"scrivere","href":"https:\/\/api.w.org\/{rel}","templated":true}]}}