{"id":148281,"date":"2024-04-15T11:07:01","date_gmt":"2024-04-15T11:07:01","guid":{"rendered":"https:\/\/www.benzinicampers.com\/privacy-statement-au\/"},"modified":"2024-04-15T11:07:01","modified_gmt":"2024-04-15T11:07:01","slug":"privacy-statement-au","status":"publish","type":"page","link":"https:\/\/benzinicampers.com\/nb\/privacy-statement-au\/","title":{"rendered":"Privacy Statement (AU)"},"content":{"rendered":"<!-- Legal document generated by Complianz | GDPR\/CCPA Cookie Consent https:\/\/wordpress.org\/plugins\/complianz-gdpr -->\n<div id=\"cmplz-document\" class=\"cmplz-document privacy-statement cmplz-document-au\"><p><i>This privacy statement was last changed on , last checked on , and applies to citizens of Australia.<\/i><br \/><br \/><\/p><p>I denne personvernerkl\u00e6ringen forklarer vi hva vi gj\u00f8r med dataene vi innhenter om deg via <a href=\"https:\/\/benzinicampers.com\/nb\">https:\/\/benzinicampers.com\/nb<\/a>. Vi anbefaler at du leser denne erkl\u00e6ringen n\u00f8ye. I v\u00e5r behandling overholder vi kravene i personvernlovgivningen. Det betyr blant annet at:<ul>\n                <li>vi oppgir tydelig hvilke form\u00e5l vi behandler personopplysninger for. Vi gj\u00f8r dette ved hjelp av denne personvernerkl\u00e6ringen;<\/li>\n                <li>vi tar sikte p\u00e5 \u00e5 begrense v\u00e5r innsamling av personopplysninger til kun de personopplysningene som kreves for legitime form\u00e5l;<\/li>\n                <li>vi ber f\u00f8rst om ditt eksplisitte samtykke til \u00e5 behandle dine personopplysninger i tilfeller som krever ditt samtykke;<\/li>\n                <li>vi tar passende sikkerhetstiltak for \u00e5 beskytte dine personopplysninger og krever ogs\u00e5 dette fra parter som behandler personopplysninger p\u00e5 v\u00e5re vegne;<\/li>\n                <li>vi respekterer din rett til \u00e5 f\u00e5 tilgang til dine personopplysninger eller f\u00e5 dem rettet eller slettet, p\u00e5 din foresp\u00f8rsel.<\/li>\n            <\/ul><\/p>Hvis du har sp\u00f8rsm\u00e5l, eller \u00f8nsker \u00e5 vite n\u00f8yaktig hvilke data vi har om deg, vennligst kontakt oss.<h2>1. Purpose and categories of data<\/h2><p>Vi kan samle inn eller motta personlig informasjon for en rekke form\u00e5l knyttet til v\u00e5r forretningsdrift, som kan omfatte f\u00f8lgende: (klikk for \u00e5 utvide)<\/b><\/p><details class=\"cmplz-dropdown dropdown-privacy-statement\"><summary><div><h3>1.1 \u00c5 selge eller dele data med en tredjepart<\/h3><\/div><\/summary><p class=\"cmplz-subtitle\">The following categories of data are collected<\/p><p><ul><li>IP-adresse<\/li><li>Geolokaliseringsdata<\/li><\/ul><\/p><p class=\"cmplz-subtitle\">Oppbevaringsperiode<\/p><p>Vi beholder disse dataene til tjenesten avsluttes.<\/p><\/details><details class=\"cmplz-dropdown dropdown-privacy-statement\"><summary><div><h3>1.2 For \u00e5 st\u00f8tte tjenester eller produkter som en kunde \u00f8nsker \u00e5 kj\u00f8pe eller har kj\u00f8pt<\/h3><\/div><\/summary><p class=\"cmplz-subtitle\">The following categories of data are collected<\/p><p><ul><li>Et for- og etternavn<\/li><li>En e-postadresse<\/li><li>Et telefonnummer<\/li><li>Et hjem eller annen fysisk adresse, inkludert gatenavn og navn p\u00e5 en by eller tettsted<\/li><li>IP-adresse<\/li><li>F\u00f8dselsdato<\/li><li>F\u00f8rerkort<\/li><li>En signatur<\/li><\/ul><\/p><p class=\"cmplz-subtitle\">Oppbevaringsperiode<\/p><p>Ved opph\u00f8r av tjenesten beholder vi disse dataene i f\u00f8lgende periode: 10 \u00e5r.<\/p><\/details><details class=\"cmplz-dropdown dropdown-privacy-statement\"><summary><div><h3>1.3 Kontakt \u2013 Gjennom telefon, e-post, e-post og\/eller nettskjemaer<\/h3><\/div><\/summary><p class=\"cmplz-subtitle\">The following categories of data are collected<\/p><p><ul><li>Et for- og etternavn<\/li><li>En e-postadresse<\/li><li>IP-adresse<\/li><\/ul><\/p><p class=\"cmplz-subtitle\">Oppbevaringsperiode<\/p><p>Ved opph\u00f8r av tjenesten beholder vi disse dataene i f\u00f8lgende periode: 10 \u00e5r.<\/p><\/details><details class=\"cmplz-dropdown dropdown-privacy-statement\"><summary><div><h3>1.4 Betalinger<\/h3><\/div><\/summary><p class=\"cmplz-subtitle\">The following categories of data are collected<\/p><p><ul><li>Et for- og etternavn<\/li><\/ul><\/p><p class=\"cmplz-subtitle\">Oppbevaringsperiode<\/p><p>Ved opph\u00f8r av tjenesten beholder vi disse dataene i f\u00f8lgende periode: 10 \u00e5r.<\/p><\/details><details class=\"cmplz-dropdown dropdown-privacy-statement\"><summary><div><h3>1.5 Sammenstilling og analyse av statistikk for forbedring av nettstedet.<\/h3><\/div><\/summary><p class=\"cmplz-subtitle\">The following categories of data are collected<\/p><p><ul><li>IP-adresse<\/li><li>Geolokaliseringsdata<\/li><\/ul><\/p><p class=\"cmplz-subtitle\">Oppbevaringsperiode<\/p><p>Ved opph\u00f8r av tjenesten beholder vi disse dataene i f\u00f8lgende periode: 10 \u00e5r.<\/p><\/details><h2>2. Deling med andre parter<\/h2><p>Vi deler eller avsl\u00f8rer disse dataene kun til andre mottakere for f\u00f8lgende form\u00e5l:<\/p><h2>3. Avsl\u00f8ringspraksis<\/h2><p><p>Vi avsl\u00f8rer personopplysninger hvis vi er p\u00e5lagt ved lov eller ved en rettskjennelse, som svar p\u00e5 et rettsh\u00e5ndhevende organ, i den grad det er tillatt i henhold til andre lovbestemmelser, for \u00e5 gi informasjon, eller for en etterforskning av en sak knyttet til offentlig sikkerhet.<\/p><p>Hvis nettstedet eller organisasjonen v\u00e5r blir overtatt, solgt eller involvert i en fusjon eller oppkj\u00f8p, kan opplysningene dine bli avsl\u00f8rt til v\u00e5re r\u00e5dgivere og eventuelle potensielle kj\u00f8pere og vil bli gitt videre til de nye eierne.<\/p><\/p><h2>4. What if you don&#039;t provide us with your personal information?<\/h2><p>If you don't provide us with your personal information, we may not be able to provide you with the information, products or assistance that you are seeking.<\/p><h2>5. How we respond to Do Not Track signals &amp; Global Privacy Control <\/h2><p>Nettstedet v\u00e5rt svarer ikke p\u00e5 og st\u00f8tter ikke foresp\u00f8rselsfeltet Do Not Track (DNT).<\/p><h2>6. Cookies<\/h2><p>V\u00e5r nettside bruker informasjonskapsler. For mer informasjon om informasjonskapsler, se v\u00e5re retningslinjer for informasjonskapsler p\u00e5 v\u00e5r <a href=\"https:\/\/benzinicampers.com\/nb\/cookie-policy-au\/\">Cookie Policy (AU)<\/a> nettside.&nbsp;<\/p><p>Vi har inng\u00e5tt en databehandleravtale med Google.<\/p><h2>7. Security<\/h2><p>Vi er forpliktet til sikkerheten til personopplysninger. Vi tar passende sikkerhetstiltak for \u00e5 begrense misbruk av og uautorisert tilgang til personopplysninger. Dette sikrer at kun de n\u00f8dvendige personene har tilgang til dine data, at tilgangen til dataene er beskyttet, og at v\u00e5re sikkerhetstiltak blir jevnlig gjennomg\u00e5tt.<\/p><p>Sikkerhetstiltakene vi bruker best\u00e5r av:<\/p><p><ul><li>(START)TLS \/ SSL \/ DANE-kryptering<\/li><\/ul><\/p><h2>8. Third party websites<\/h2><p>This privacy statement does not apply to third party websites connected by links on our website. We cannot guarantee that these third parties handle your personal data in a reliable or secure manner. We recommend you read the privacy statements of these websites prior to making use of these websites.<\/p><h2>9. Amendments to this privacy statement<\/h2><p>Vi forbeholder oss retten til \u00e5 gj\u00f8re endringer i denne personvernerkl\u00e6ringen. Det anbefales at du konsulterer denne personvernerkl\u00e6ringen regelmessig for \u00e5 v\u00e6re oppmerksom p\u00e5 eventuelle endringer. I tillegg vil vi aktivt informere deg der det er mulig.<\/p><h2>10. Accessing and modifying your data<\/h2><p>Hvis du har sp\u00f8rsm\u00e5l eller \u00f8nsker \u00e5 vite hvilke personopplysninger vi har om deg, vennligst kontakt oss. S\u00f8rg for \u00e5 alltid tydelig oppgi hvem du er, slik at vi kan v\u00e6re sikre p\u00e5 at vi ikke endrer eller sletter data fra feil person. Vi skal bare gi den forespurte informasjonen ved mottak av en kontrollerbar forbrukerforesp\u00f8rsel. Du kan kontakte oss ved \u00e5 bruke informasjonen nedenfor. Du har f\u00f8lgende rettigheter:<\/p><p class=\"cmplz-subtitle\">10.1 You have the following rights with respect to your personal data<\/p><ol class=\"alphabetic\">\n                        <li>Du kan sende inn en foresp\u00f8rsel om tilgang til dataene vi behandler om deg.<\/li>\n                        <li>Du kan be om en oversikt, i et vanlig brukt format, over dataene vi behandler om deg.<\/li>\n                        <li>You may request correction or deletion of the data if it is incorrect or not or no longer relevant for any purpose under the Privacy Act.<\/li>\n                      <\/ol>\n                      <h2>11. Children<\/h2><p>Nettstedet v\u00e5rt er ikke designet for \u00e5 tiltrekke seg barn, og det er ikke v\u00e5r hensikt \u00e5 samle inn personopplysninger fra barn under den lavalder de er i bostedslandet. Vi ber derfor om at barn under den myndige alder ikke sender inn noen personopplysninger til oss.<\/p><h2>12. Contact details<\/h2><p>Benzini Campers AS<br \/>\n        Kilgata 17, 3217 Sandefjord<br \/>\n        Norge<br \/>\n        Nettsted: <a href=\"https:\/\/benzinicampers.com\/nb\">https:\/\/benzinicampers.com\/nb<\/a> <br \/>\n        E-post: <span class=\"cmplz-obfuscate\">hell&#111;@<span class=\"cmplz-fmail-domain\">e&#120;&#046;&#099;o&#109;<\/span>be&#110;&#122;&#105;ni&#099;&#097;mper&#115;&#046;c&#111;m<\/span> <br \/>\n        <br \/>\n        <\/p><p>We have appointed a contact person for the organization\u2019s policies and practices and to whom complaints or inquiries can be forwarded:<br \/>Vladimir Kurajda<br \/>booking@benzinicampers.com<\/p><\/div>","protected":false},"excerpt":{"rendered":"","protected":false},"author":3,"featured_media":0,"parent":0,"menu_order":0,"comment_status":"closed","ping_status":"closed","template":"","meta":{"site-sidebar-layout":"default","site-content-layout":"","ast-site-content-layout":"default","site-content-style":"default","site-sidebar-style":"default","ast-global-header-display":"","ast-banner-title-visibility":"","ast-main-header-display":"","ast-hfb-above-header-display":"","ast-hfb-below-header-display":"","ast-hfb-mobile-header-display":"","site-post-title":"","ast-breadcrumbs-content":"","ast-featured-img":"","footer-sml-layout":"","ast-disable-related-posts":"","theme-transparent-header-meta":"","adv-header-id-meta":"","stick-header-meta":"","header-above-stick-meta":"","header-main-stick-meta":"","header-below-stick-meta":"","astra-migrate-meta-layouts":"default","ast-page-background-enabled":"default","ast-page-background-meta":{"desktop":{"background-color":"var(--ast-global-color-4)","background-image":"","background-repeat":"repeat","background-position":"center center","background-size":"auto","background-attachment":"scroll","background-type":"","background-media":"","overlay-type":"","overlay-color":"","overlay-opacity":"","overlay-gradient":""},"tablet":{"background-color":"","background-image":"","background-repeat":"repeat","background-position":"center center","background-size":"auto","background-attachment":"scroll","background-type":"","background-media":"","overlay-type":"","overlay-color":"","overlay-opacity":"","overlay-gradient":""},"mobile":{"background-color":"","background-image":"","background-repeat":"repeat","background-position":"center center","background-size":"auto","background-attachment":"scroll","background-type":"","background-media":"","overlay-type":"","overlay-color":"","overlay-opacity":"","overlay-gradient":""}},"ast-content-background-meta":{"desktop":{"background-color":"var(--ast-global-color-5)","background-image":"","background-repeat":"repeat","background-position":"center center","background-size":"auto","background-attachment":"scroll","background-type":"","background-media":"","overlay-type":"","overlay-color":"","overlay-opacity":"","overlay-gradient":""},"tablet":{"background-color":"var(--ast-global-color-5)","background-image":"","background-repeat":"repeat","background-position":"center center","background-size":"auto","background-attachment":"scroll","background-type":"","background-media":"","overlay-type":"","overlay-color":"","overlay-opacity":"","overlay-gradient":""},"mobile":{"background-color":"var(--ast-global-color-5)","background-image":"","background-repeat":"repeat","background-position":"center center","background-size":"auto","background-attachment":"scroll","background-type":"","background-media":"","overlay-type":"","overlay-color":"","overlay-opacity":"","overlay-gradient":""}},"footnotes":""},"class_list":["post-148281","page","type-page","status-publish","hentry"],"_links":{"self":[{"href":"https:\/\/benzinicampers.com\/nb\/wp-json\/wp\/v2\/pages\/148281","targetHints":{"allow":["GET"]}}],"collection":[{"href":"https:\/\/benzinicampers.com\/nb\/wp-json\/wp\/v2\/pages"}],"about":[{"href":"https:\/\/benzinicampers.com\/nb\/wp-json\/wp\/v2\/types\/page"}],"author":[{"embeddable":true,"href":"https:\/\/benzinicampers.com\/nb\/wp-json\/wp\/v2\/users\/3"}],"replies":[{"embeddable":true,"href":"https:\/\/benzinicampers.com\/nb\/wp-json\/wp\/v2\/comments?post=148281"}],"version-history":[{"count":0,"href":"https:\/\/benzinicampers.com\/nb\/wp-json\/wp\/v2\/pages\/148281\/revisions"}],"wp:attachment":[{"href":"https:\/\/benzinicampers.com\/nb\/wp-json\/wp\/v2\/media?parent=148281"}],"curies":[{"name":"wp","href":"https:\/\/api.w.org\/{rel}","templated":true}]}}